{"id":16310,"date":"2023-06-22T18:01:05","date_gmt":"2023-06-22T17:01:05","guid":{"rendered":"https:\/\/www.forestwise.pt\/?page_id=16310"},"modified":"2024-06-17T18:47:52","modified_gmt":"2024-06-17T17:47:52","slug":"juliana-salvacao-2","status":"publish","type":"page","link":"https:\/\/www.forestwise.pt\/en\/the-team\/juliana-salvacao-2\/","title":{"rendered":"Juliana Salva\u00e7\u00e3o"},"content":{"rendered":"\t\t<div data-elementor-type=\"wp-page\" data-elementor-id=\"16310\" class=\"elementor elementor-16310\" data-elementor-post-type=\"page\">\n\t\t\t\t\t\t<section class=\"elementor-section elementor-top-section elementor-element elementor-element-302027b elementor-section-height-min-height elementor-section-boxed elementor-section-height-default elementor-section-items-middle\" data-id=\"302027b\" data-element_type=\"section\" data-settings=\"{&quot;background_background&quot;:&quot;classic&quot;}\">\n\t\t\t\t\t\t\t<div class=\"elementor-background-overlay\"><\/div>\n\t\t\t\t\t\t\t<div class=\"elementor-container elementor-column-gap-default\">\n\t\t\t\t\t<div class=\"elementor-column elementor-col-100 elementor-top-column elementor-element elementor-element-5b5dcf5\" data-id=\"5b5dcf5\" data-element_type=\"column\">\n\t\t\t<div class=\"elementor-widget-wrap elementor-element-populated\">\n\t\t\t\t\t\t<div class=\"elementor-element elementor-element-0e1641c elementor-widget elementor-widget-text-editor\" data-id=\"0e1641c\" data-element_type=\"widget\" data-widget_type=\"text-editor.default\">\n\t\t\t\t<div class=\"elementor-widget-container\">\n\t\t\t\t\t\t\t\t\t<p>TEAM MEMBER<\/p>\n\t\t\t\t\t\t\t\t<\/div>\n\t\t\t\t<\/div>\n\t\t\t\t\t<\/div>\n\t\t<\/div>\n\t\t\t\t\t<\/div>\n\t\t<\/section>\n\t\t\t\t<section class=\"elementor-section elementor-inner-section elementor-element elementor-element-4d36efe2 elementor-section-boxed elementor-section-height-default elementor-section-height-default\" data-id=\"4d36efe2\" data-element_type=\"section\">\n\t\t\t\t\t\t<div class=\"elementor-container elementor-column-gap-default\">\n\t\t\t\t\t<div class=\"elementor-column elementor-col-50 elementor-inner-column elementor-element elementor-element-199af0ed\" data-id=\"199af0ed\" data-element_type=\"column\">\n\t\t\t<div class=\"elementor-widget-wrap elementor-element-populated\">\n\t\t\t\t\t\t<div class=\"elementor-element elementor-element-8c67525 elementor-widget elementor-widget-image\" data-id=\"8c67525\" data-element_type=\"widget\" data-widget_type=\"image.default\">\n\t\t\t\t<div class=\"elementor-widget-container\">\n\t\t\t\t\t\t\t\t\t\t\t\t\t\t\t<img fetchpriority=\"high\" decoding=\"async\" width=\"300\" height=\"300\" src=\"https:\/\/www.forestwise.pt\/wp-content\/uploads\/2023\/06\/juliana-salvacao-300x300.png\" class=\"attachment-medium size-medium wp-image-16376\" alt=\"\" srcset=\"https:\/\/www.forestwise.pt\/wp-content\/uploads\/2023\/06\/juliana-salvacao-300x300.png 300w, https:\/\/www.forestwise.pt\/wp-content\/uploads\/2023\/06\/juliana-salvacao-1024x1024.png 1024w, https:\/\/www.forestwise.pt\/wp-content\/uploads\/2023\/06\/juliana-salvacao-150x150.png 150w, https:\/\/www.forestwise.pt\/wp-content\/uploads\/2023\/06\/juliana-salvacao-768x768.png 768w, https:\/\/www.forestwise.pt\/wp-content\/uploads\/2023\/06\/juliana-salvacao-1536x1536.png 1536w, https:\/\/www.forestwise.pt\/wp-content\/uploads\/2023\/06\/juliana-salvacao.png 2001w\" sizes=\"(max-width: 300px) 100vw, 300px\" \/>\t\t\t\t\t\t\t\t\t\t\t\t\t\t\t<\/div>\n\t\t\t\t<\/div>\n\t\t\t\t\t<\/div>\n\t\t<\/div>\n\t\t\t\t<div class=\"elementor-column elementor-col-50 elementor-inner-column elementor-element elementor-element-8188980\" data-id=\"8188980\" data-element_type=\"column\">\n\t\t\t<div class=\"elementor-widget-wrap elementor-element-populated\">\n\t\t\t\t\t\t<div class=\"elementor-element elementor-element-46c61c2f elementor-widget elementor-widget-text-editor\" data-id=\"46c61c2f\" data-element_type=\"widget\" data-widget_type=\"text-editor.default\">\n\t\t\t\t<div class=\"elementor-widget-container\">\n\t\t\t\t\t\t\t\t\t<h4>Juliana Salva\u00e7\u00e3o<\/h4><p>Project Manager<br \/>Master in Geographic Information Systems (UTAD, 2013)<\/p><p>Project Support Unit Coordinator<\/p><p><a href=\"mailto:juliana.salvacao@forestwise.pt\" target=\"_blank\" rel=\"noopener\">juliana.salvacao@forestwise.pt<\/a><\/p>\t\t\t\t\t\t\t\t<\/div>\n\t\t\t\t<\/div>\n\t\t\t\t\t<\/div>\n\t\t<\/div>\n\t\t\t\t\t<\/div>\n\t\t<\/section>\n\t\t\t\t<section class=\"elementor-section elementor-inner-section elementor-element elementor-element-ffafeb2 elementor-section-boxed elementor-section-height-default elementor-section-height-default\" data-id=\"ffafeb2\" data-element_type=\"section\">\n\t\t\t\t\t\t<div class=\"elementor-container elementor-column-gap-default\">\n\t\t\t\t\t<div class=\"elementor-column elementor-col-100 elementor-inner-column elementor-element elementor-element-291dc63\" data-id=\"291dc63\" data-element_type=\"column\">\n\t\t\t<div class=\"elementor-widget-wrap elementor-element-populated\">\n\t\t\t\t\t\t<div class=\"elementor-element elementor-element-eb4e788 elementor-widget elementor-widget-text-editor\" data-id=\"eb4e788\" data-element_type=\"widget\" data-widget_type=\"text-editor.default\">\n\t\t\t\t<div class=\"elementor-widget-container\">\n\t\t\t\t\t\t\t\t\t<p>Degree in Forest Engineering and Master in Geographic Information Systems (UTAD, 2008 and 2013), has participated in research projects with GIS applications in areas related to the agroforestry sector, namely land cover dynamics, spatial analysis and photointerpretation. He has developed work in forest producers organizations, in the business sector and in project management. In recent years he has specialized in new remote sensing technologies, in particular the use of drones applied to the agroforestry sector, RGB image analysis, multispectral images, vegetation index analysis and aerial photogrammetry techniques.<\/p>\n\t\t\t\t\t\t\t\t<\/div>\n\t\t\t\t<\/div>\n\t\t\t\t<div class=\"elementor-element elementor-element-4b608d1 elementor-widget elementor-widget-text-editor\" data-id=\"4b608d1\" data-element_type=\"widget\" data-widget_type=\"text-editor.default\">\n\t\t\t\t<div class=\"elementor-widget-container\">\n\t\t\t\t\t\t\t\t\t<p>Areas of interest:<\/p>\n<p>Forest Management, Geographic Information Systems (GIS), Remote Sensing and Drones<\/p>\n\t\t\t\t\t\t\t\t<\/div>\n\t\t\t\t<\/div>\n\t\t\t\t\t<\/div>\n\t\t<\/div>\n\t\t\t\t\t<\/div>\n\t\t<\/section>\n\t\t\t\t<\/div>\n\t\t","protected":false},"excerpt":{"rendered":"<p>TEAM MEMBER Juliana Salva\u00e7\u00e3o Project ManagerMaster in Geographic Information Systems (UTAD, 2013) Project Support Unit Coordinator juliana.salvacao@forestwise.pt Degree in Forest Engineering and Master in Geographic Information Systems (UTAD, 2008 and 2013), has participated in research projects with GIS applications in areas related to the agroforestry sector, namely land cover dynamics, spatial analysis and photointerpretation. He [&hellip;]<\/p>\n","protected":false},"author":5,"featured_media":0,"parent":6029,"menu_order":0,"comment_status":"closed","ping_status":"closed","template":"","meta":{"footnotes":""},"class_list":["post-16310","page","type-page","status-publish","hentry"],"yoast_head":"<!-- This site is optimized with the Yoast SEO plugin v26.7 - https:\/\/yoast.com\/wordpress\/plugins\/seo\/ -->\n<title>Juliana Salva\u00e7\u00e3o - ForestWISE<\/title>\n<meta name=\"description\" content=\"Juliana Salva\u00e7\u00e3o -\" \/>\n<meta name=\"robots\" content=\"index, follow, max-snippet:-1, max-image-preview:large, max-video-preview:-1\" \/>\n<link rel=\"canonical\" href=\"https:\/\/www.forestwise.pt\/en\/the-team\/juliana-salvacao-2\/\" \/>\n<meta property=\"og:locale\" content=\"en_US\" \/>\n<meta property=\"og:type\" content=\"article\" \/>\n<meta property=\"og:title\" content=\"Juliana Salva\u00e7\u00e3o - ForestWISE\" \/>\n<meta property=\"og:description\" content=\"Juliana Salva\u00e7\u00e3o -\" \/>\n<meta property=\"og:url\" content=\"https:\/\/www.forestwise.pt\/en\/the-team\/juliana-salvacao-2\/\" \/>\n<meta property=\"og:site_name\" content=\"ForestWISE\" \/>\n<meta property=\"article:modified_time\" content=\"2024-06-17T17:47:52+00:00\" \/>\n<meta property=\"og:image\" content=\"https:\/\/www.forestwise.pt\/wp-content\/uploads\/2023\/06\/juliana-salvacao-300x300.png\" \/>\n<meta name=\"twitter:card\" content=\"summary_large_image\" \/>\n<meta name=\"twitter:label1\" content=\"Est. reading time\" \/>\n\t<meta name=\"twitter:data1\" content=\"1 minute\" \/>\n<script type=\"application\/ld+json\" class=\"yoast-schema-graph\">{\"@context\":\"https:\/\/schema.org\",\"@graph\":[{\"@type\":\"WebPage\",\"@id\":\"https:\/\/www.forestwise.pt\/en\/the-team\/juliana-salvacao-2\/\",\"url\":\"https:\/\/www.forestwise.pt\/en\/the-team\/juliana-salvacao-2\/\",\"name\":\"Juliana Salva\u00e7\u00e3o - ForestWISE\",\"isPartOf\":{\"@id\":\"https:\/\/www.forestwise.pt\/#website\"},\"primaryImageOfPage\":{\"@id\":\"https:\/\/www.forestwise.pt\/en\/the-team\/juliana-salvacao-2\/#primaryimage\"},\"image\":{\"@id\":\"https:\/\/www.forestwise.pt\/en\/the-team\/juliana-salvacao-2\/#primaryimage\"},\"thumbnailUrl\":\"https:\/\/www.forestwise.pt\/wp-content\/uploads\/2023\/06\/juliana-salvacao-300x300.png\",\"datePublished\":\"2023-06-22T17:01:05+00:00\",\"dateModified\":\"2024-06-17T17:47:52+00:00\",\"description\":\"Juliana Salva\u00e7\u00e3o -\",\"breadcrumb\":{\"@id\":\"https:\/\/www.forestwise.pt\/en\/the-team\/juliana-salvacao-2\/#breadcrumb\"},\"inLanguage\":\"en-US\",\"potentialAction\":[{\"@type\":\"ReadAction\",\"target\":[\"https:\/\/www.forestwise.pt\/en\/the-team\/juliana-salvacao-2\/\"]}]},{\"@type\":\"ImageObject\",\"inLanguage\":\"en-US\",\"@id\":\"https:\/\/www.forestwise.pt\/en\/the-team\/juliana-salvacao-2\/#primaryimage\",\"url\":\"https:\/\/www.forestwise.pt\/wp-content\/uploads\/2023\/06\/juliana-salvacao-300x300.png\",\"contentUrl\":\"https:\/\/www.forestwise.pt\/wp-content\/uploads\/2023\/06\/juliana-salvacao-300x300.png\"},{\"@type\":\"BreadcrumbList\",\"@id\":\"https:\/\/www.forestwise.pt\/en\/the-team\/juliana-salvacao-2\/#breadcrumb\",\"itemListElement\":[{\"@type\":\"ListItem\",\"position\":1,\"name\":\"Home\",\"item\":\"https:\/\/www.forestwise.pt\/en\/\"},{\"@type\":\"ListItem\",\"position\":2,\"name\":\"The Team\",\"item\":\"https:\/\/www.forestwise.pt\/en\/the-team\/\"},{\"@type\":\"ListItem\",\"position\":3,\"name\":\"Juliana Salva\u00e7\u00e3o\"}]},{\"@type\":\"WebSite\",\"@id\":\"https:\/\/www.forestwise.pt\/#website\",\"url\":\"https:\/\/www.forestwise.pt\/\",\"name\":\"ForestWISE\",\"description\":\"Laborat\u00f3rio Colaborativo para Gesta\u0303o Integrada da Floresta e do Fogo\",\"publisher\":{\"@id\":\"https:\/\/www.forestwise.pt\/#organization\"},\"potentialAction\":[{\"@type\":\"SearchAction\",\"target\":{\"@type\":\"EntryPoint\",\"urlTemplate\":\"https:\/\/www.forestwise.pt\/?s={search_term_string}\"},\"query-input\":{\"@type\":\"PropertyValueSpecification\",\"valueRequired\":true,\"valueName\":\"search_term_string\"}}],\"inLanguage\":\"en-US\"},{\"@type\":\"Organization\",\"@id\":\"https:\/\/www.forestwise.pt\/#organization\",\"name\":\"ForestWISE\",\"url\":\"https:\/\/www.forestwise.pt\/\",\"logo\":{\"@type\":\"ImageObject\",\"inLanguage\":\"en-US\",\"@id\":\"https:\/\/www.forestwise.pt\/#\/schema\/logo\/image\/\",\"url\":\"https:\/\/www.forestwise.pt\/wp-content\/uploads\/2021\/10\/FW_H_Cores.png\",\"contentUrl\":\"https:\/\/www.forestwise.pt\/wp-content\/uploads\/2021\/10\/FW_H_Cores.png\",\"width\":7779,\"height\":1853,\"caption\":\"ForestWISE\"},\"image\":{\"@id\":\"https:\/\/www.forestwise.pt\/#\/schema\/logo\/image\/\"}}]}<\/script>\n<!-- \/ Yoast SEO plugin. -->","yoast_head_json":{"title":"Juliana Salva\u00e7\u00e3o - ForestWISE","description":"Juliana Salva\u00e7\u00e3o -","robots":{"index":"index","follow":"follow","max-snippet":"max-snippet:-1","max-image-preview":"max-image-preview:large","max-video-preview":"max-video-preview:-1"},"canonical":"https:\/\/www.forestwise.pt\/en\/the-team\/juliana-salvacao-2\/","og_locale":"en_US","og_type":"article","og_title":"Juliana Salva\u00e7\u00e3o - ForestWISE","og_description":"Juliana Salva\u00e7\u00e3o -","og_url":"https:\/\/www.forestwise.pt\/en\/the-team\/juliana-salvacao-2\/","og_site_name":"ForestWISE","article_modified_time":"2024-06-17T17:47:52+00:00","og_image":[{"url":"https:\/\/www.forestwise.pt\/wp-content\/uploads\/2023\/06\/juliana-salvacao-300x300.png","type":"","width":"","height":""}],"twitter_card":"summary_large_image","twitter_misc":{"Est. reading time":"1 minute"},"schema":{"@context":"https:\/\/schema.org","@graph":[{"@type":"WebPage","@id":"https:\/\/www.forestwise.pt\/en\/the-team\/juliana-salvacao-2\/","url":"https:\/\/www.forestwise.pt\/en\/the-team\/juliana-salvacao-2\/","name":"Juliana Salva\u00e7\u00e3o - ForestWISE","isPartOf":{"@id":"https:\/\/www.forestwise.pt\/#website"},"primaryImageOfPage":{"@id":"https:\/\/www.forestwise.pt\/en\/the-team\/juliana-salvacao-2\/#primaryimage"},"image":{"@id":"https:\/\/www.forestwise.pt\/en\/the-team\/juliana-salvacao-2\/#primaryimage"},"thumbnailUrl":"https:\/\/www.forestwise.pt\/wp-content\/uploads\/2023\/06\/juliana-salvacao-300x300.png","datePublished":"2023-06-22T17:01:05+00:00","dateModified":"2024-06-17T17:47:52+00:00","description":"Juliana Salva\u00e7\u00e3o -","breadcrumb":{"@id":"https:\/\/www.forestwise.pt\/en\/the-team\/juliana-salvacao-2\/#breadcrumb"},"inLanguage":"en-US","potentialAction":[{"@type":"ReadAction","target":["https:\/\/www.forestwise.pt\/en\/the-team\/juliana-salvacao-2\/"]}]},{"@type":"ImageObject","inLanguage":"en-US","@id":"https:\/\/www.forestwise.pt\/en\/the-team\/juliana-salvacao-2\/#primaryimage","url":"https:\/\/www.forestwise.pt\/wp-content\/uploads\/2023\/06\/juliana-salvacao-300x300.png","contentUrl":"https:\/\/www.forestwise.pt\/wp-content\/uploads\/2023\/06\/juliana-salvacao-300x300.png"},{"@type":"BreadcrumbList","@id":"https:\/\/www.forestwise.pt\/en\/the-team\/juliana-salvacao-2\/#breadcrumb","itemListElement":[{"@type":"ListItem","position":1,"name":"Home","item":"https:\/\/www.forestwise.pt\/en\/"},{"@type":"ListItem","position":2,"name":"The Team","item":"https:\/\/www.forestwise.pt\/en\/the-team\/"},{"@type":"ListItem","position":3,"name":"Juliana Salva\u00e7\u00e3o"}]},{"@type":"WebSite","@id":"https:\/\/www.forestwise.pt\/#website","url":"https:\/\/www.forestwise.pt\/","name":"ForestWISE","description":"Laborat\u00f3rio Colaborativo para Gesta\u0303o Integrada da Floresta e do Fogo","publisher":{"@id":"https:\/\/www.forestwise.pt\/#organization"},"potentialAction":[{"@type":"SearchAction","target":{"@type":"EntryPoint","urlTemplate":"https:\/\/www.forestwise.pt\/?s={search_term_string}"},"query-input":{"@type":"PropertyValueSpecification","valueRequired":true,"valueName":"search_term_string"}}],"inLanguage":"en-US"},{"@type":"Organization","@id":"https:\/\/www.forestwise.pt\/#organization","name":"ForestWISE","url":"https:\/\/www.forestwise.pt\/","logo":{"@type":"ImageObject","inLanguage":"en-US","@id":"https:\/\/www.forestwise.pt\/#\/schema\/logo\/image\/","url":"https:\/\/www.forestwise.pt\/wp-content\/uploads\/2021\/10\/FW_H_Cores.png","contentUrl":"https:\/\/www.forestwise.pt\/wp-content\/uploads\/2021\/10\/FW_H_Cores.png","width":7779,"height":1853,"caption":"ForestWISE"},"image":{"@id":"https:\/\/www.forestwise.pt\/#\/schema\/logo\/image\/"}}]}},"_links":{"self":[{"href":"https:\/\/www.forestwise.pt\/en\/wp-json\/wp\/v2\/pages\/16310","targetHints":{"allow":["GET"]}}],"collection":[{"href":"https:\/\/www.forestwise.pt\/en\/wp-json\/wp\/v2\/pages"}],"about":[{"href":"https:\/\/www.forestwise.pt\/en\/wp-json\/wp\/v2\/types\/page"}],"author":[{"embeddable":true,"href":"https:\/\/www.forestwise.pt\/en\/wp-json\/wp\/v2\/users\/5"}],"replies":[{"embeddable":true,"href":"https:\/\/www.forestwise.pt\/en\/wp-json\/wp\/v2\/comments?post=16310"}],"version-history":[{"count":0,"href":"https:\/\/www.forestwise.pt\/en\/wp-json\/wp\/v2\/pages\/16310\/revisions"}],"up":[{"embeddable":true,"href":"https:\/\/www.forestwise.pt\/en\/wp-json\/wp\/v2\/pages\/6029"}],"wp:attachment":[{"href":"https:\/\/www.forestwise.pt\/en\/wp-json\/wp\/v2\/media?parent=16310"}],"curies":[{"name":"wp","href":"https:\/\/api.w.org\/{rel}","templated":true}]}}