{"id":17652,"date":"2023-08-29T15:19:04","date_gmt":"2023-08-29T14:19:04","guid":{"rendered":"https:\/\/www.forestwise.pt\/?page_id=17652"},"modified":"2024-06-18T15:05:16","modified_gmt":"2024-06-18T14:05:16","slug":"joao-rocha","status":"publish","type":"page","link":"https:\/\/www.forestwise.pt\/en\/the-team\/joao-rocha\/","title":{"rendered":"Jo\u00e3o Rocha"},"content":{"rendered":"\t\t<div data-elementor-type=\"wp-page\" data-elementor-id=\"17652\" class=\"elementor elementor-17652\" data-elementor-post-type=\"page\">\n\t\t\t\t\t\t<section class=\"elementor-section elementor-top-section elementor-element elementor-element-302027b elementor-section-height-min-height elementor-section-boxed elementor-section-height-default elementor-section-items-middle\" data-id=\"302027b\" data-element_type=\"section\" data-settings=\"{&quot;background_background&quot;:&quot;classic&quot;}\">\n\t\t\t\t\t\t\t<div class=\"elementor-background-overlay\"><\/div>\n\t\t\t\t\t\t\t<div class=\"elementor-container elementor-column-gap-default\">\n\t\t\t\t\t<div class=\"elementor-column elementor-col-100 elementor-top-column elementor-element elementor-element-5b5dcf5\" data-id=\"5b5dcf5\" data-element_type=\"column\">\n\t\t\t<div class=\"elementor-widget-wrap elementor-element-populated\">\n\t\t\t\t\t\t<div class=\"elementor-element elementor-element-0e1641c elementor-widget elementor-widget-text-editor\" data-id=\"0e1641c\" data-element_type=\"widget\" data-widget_type=\"text-editor.default\">\n\t\t\t\t<div class=\"elementor-widget-container\">\n\t\t\t\t\t\t\t\t\t<p>TEAM MEMBER<\/p>\n\t\t\t\t\t\t\t\t<\/div>\n\t\t\t\t<\/div>\n\t\t\t\t\t<\/div>\n\t\t<\/div>\n\t\t\t\t\t<\/div>\n\t\t<\/section>\n\t\t\t\t<section class=\"elementor-section elementor-inner-section elementor-element elementor-element-4d36efe2 elementor-section-boxed elementor-section-height-default elementor-section-height-default\" data-id=\"4d36efe2\" data-element_type=\"section\">\n\t\t\t\t\t\t<div class=\"elementor-container elementor-column-gap-default\">\n\t\t\t\t\t<div class=\"elementor-column elementor-col-50 elementor-inner-column elementor-element elementor-element-199af0ed\" data-id=\"199af0ed\" data-element_type=\"column\">\n\t\t\t<div class=\"elementor-widget-wrap elementor-element-populated\">\n\t\t\t\t\t\t<div class=\"elementor-element elementor-element-8c67525 elementor-widget elementor-widget-image\" data-id=\"8c67525\" data-element_type=\"widget\" data-widget_type=\"image.default\">\n\t\t\t\t<div class=\"elementor-widget-container\">\n\t\t\t\t\t\t\t\t\t\t\t\t\t\t\t<img fetchpriority=\"high\" decoding=\"async\" width=\"300\" height=\"300\" src=\"https:\/\/www.forestwise.pt\/wp-content\/uploads\/2023\/08\/Joao-Rocha-300x300.png\" class=\"attachment-medium size-medium wp-image-17617\" alt=\"\" srcset=\"https:\/\/www.forestwise.pt\/wp-content\/uploads\/2023\/08\/Joao-Rocha-300x300.png 300w, https:\/\/www.forestwise.pt\/wp-content\/uploads\/2023\/08\/Joao-Rocha-150x150.png 150w, https:\/\/www.forestwise.pt\/wp-content\/uploads\/2023\/08\/Joao-Rocha.png 684w\" sizes=\"(max-width: 300px) 100vw, 300px\" \/>\t\t\t\t\t\t\t\t\t\t\t\t\t\t\t<\/div>\n\t\t\t\t<\/div>\n\t\t\t\t\t<\/div>\n\t\t<\/div>\n\t\t\t\t<div class=\"elementor-column elementor-col-50 elementor-inner-column elementor-element elementor-element-8188980\" data-id=\"8188980\" data-element_type=\"column\">\n\t\t\t<div class=\"elementor-widget-wrap elementor-element-populated\">\n\t\t\t\t\t\t<div class=\"elementor-element elementor-element-46c61c2f elementor-widget elementor-widget-text-editor\" data-id=\"46c61c2f\" data-element_type=\"widget\" data-widget_type=\"text-editor.default\">\n\t\t\t\t<div class=\"elementor-widget-container\">\n\t\t\t\t\t\t\t\t\t<h4><strong>Jo\u00e3o Rocha<\/strong><\/h4><p>PhD in Bioloy (UP, 2014)<br \/>Project Manager<\/p><p><a href=\"\/?page_id=6376\">Work line 3<\/a>: Circular economy and value chains<\/p><p><a href=\"mailto:joao.rocha@forestwise.pt\" target=\"_blank\" rel=\"noopener\">joao.rocha@forestwise.pt<\/a><\/p>\t\t\t\t\t\t\t\t<\/div>\n\t\t\t\t<\/div>\n\t\t\t\t\t<\/div>\n\t\t<\/div>\n\t\t\t\t\t<\/div>\n\t\t<\/section>\n\t\t\t\t<section class=\"elementor-section elementor-inner-section elementor-element elementor-element-ffafeb2 elementor-section-boxed elementor-section-height-default elementor-section-height-default\" data-id=\"ffafeb2\" data-element_type=\"section\">\n\t\t\t\t\t\t<div class=\"elementor-container elementor-column-gap-default\">\n\t\t\t\t\t<div class=\"elementor-column elementor-col-100 elementor-inner-column elementor-element elementor-element-291dc63\" data-id=\"291dc63\" data-element_type=\"column\">\n\t\t\t<div class=\"elementor-widget-wrap elementor-element-populated\">\n\t\t\t\t\t\t<div class=\"elementor-element elementor-element-eb4e788 elementor-widget elementor-widget-text-editor\" data-id=\"eb4e788\" data-element_type=\"widget\" data-widget_type=\"text-editor.default\">\n\t\t\t\t<div class=\"elementor-widget-container\">\n\t\t\t\t\t\t\t\t\t<p>Degree in Biology (UTAD, 2006), Master&#8217;s in Biodiversity and Genetic Resources (Cibio\/FCUP, 2008) and PhD in Biology (UP, 2014). He has published several articles in specialized journals in the areas of Ecology, Conservation and Ecological Modelling. During his professional career he has interacted with an extensive list of collaborators on projects and co-authored scientific papers. He has experience in modeling tools and Geographic Information Systems (GIS).<\/p>\n<p>Areas of interest: Conservation, Ecological modeling, Geographic information systems (GIS), Sustainability.<\/p>\n<p><a data-mce-href=\"https:\/\/orcid.org\/0000-0003-1305-4115\" href=\"https:\/\/orcid.org\/0000-0003-1305-4115\" target=\"_blank\">View Orcid profile<\/a><\/p>\n<p><br data-mce-bogus=\"1\"><\/p>\n\t\t\t\t\t\t\t\t<\/div>\n\t\t\t\t<\/div>\n\t\t\t\t<div class=\"elementor-element elementor-element-4b608d1 elementor-hidden-desktop elementor-hidden-tablet elementor-hidden-mobile elementor-widget elementor-widget-text-editor\" data-id=\"4b608d1\" data-element_type=\"widget\" data-widget_type=\"text-editor.default\">\n\t\t\t\t<div class=\"elementor-widget-container\">\n\t\t\t\t\t\t\t\t\t<p>Areas of interest:<\/p><p> Management and Conservation of Wild Resources, Forest Ecology, Valorization of Endogenous Resources and Ecosystem Services.<\/p><p><br data-mce-bogus=\"1\"><\/p>\t\t\t\t\t\t\t\t<\/div>\n\t\t\t\t<\/div>\n\t\t\t\t\t<\/div>\n\t\t<\/div>\n\t\t\t\t\t<\/div>\n\t\t<\/section>\n\t\t\t\t<section class=\"elementor-section elementor-inner-section elementor-element elementor-element-041c473 elementor-section-boxed elementor-section-height-default elementor-section-height-default\" data-id=\"041c473\" data-element_type=\"section\">\n\t\t\t\t\t\t<div class=\"elementor-container elementor-column-gap-default\">\n\t\t\t\t\t<div class=\"elementor-column elementor-col-100 elementor-inner-column elementor-element elementor-element-898936f\" data-id=\"898936f\" data-element_type=\"column\">\n\t\t\t<div class=\"elementor-widget-wrap elementor-element-populated\">\n\t\t\t\t\t\t<div class=\"elementor-element elementor-element-6f9768b elementor-widget elementor-widget-heading\" data-id=\"6f9768b\" data-element_type=\"widget\" data-widget_type=\"heading.default\">\n\t\t\t\t<div class=\"elementor-widget-container\">\n\t\t\t\t\t<h2 class=\"elementor-heading-title elementor-size-default\">MAIN PUBLICATIONS<\/h2>\t\t\t\t<\/div>\n\t\t\t\t<\/div>\n\t\t\t\t<div class=\"elementor-element elementor-element-61e09db elementor-widget elementor-widget-text-editor\" data-id=\"61e09db\" data-element_type=\"widget\" data-widget_type=\"text-editor.default\">\n\t\t\t\t<div class=\"elementor-widget-container\">\n\t\t\t\t\t\t\t\t\t<p><strong>Title:<\/strong> The leaf of Agapanthus africanus (L.) Hoffm.: A physical-chemical perspective of terrestrialization in the cuticle<\/p>\n<p><strong>Year:<\/strong> 2023<\/p>\n<p><strong>Authors:<\/strong> Nunes, P., Nunes, S., Pereira, R., Cruz, R., Rocha, J., Ravishankar, A., Fernandes, L., Bacelar, E., Casal, S., Anand, S., Cresp\u00ed, A., Fernandes, M., de Zea Bermudez, V.<\/p>\n<p><strong>Journal:<\/strong> Environmental and Experimental Botany<\/p>\n<p><strong>URL: <\/strong><a href=\"https:\/\/doi.org\/10.1016\/j.envexpbot.2023.105240\" target=\"_blank\" rel=\"noopener\">https:\/\/doi.org\/10.1016\/j.envexpbot.2023.105240<\/a><\/p>\n\t\t\t\t\t\t\t\t<\/div>\n\t\t\t\t<\/div>\n\t\t\t\t<div class=\"elementor-element elementor-element-89fbb42 elementor-widget elementor-widget-text-editor\" data-id=\"89fbb42\" data-element_type=\"widget\" data-widget_type=\"text-editor.default\">\n\t\t\t\t<div class=\"elementor-widget-container\">\n\t\t\t\t\t\t\t\t\t<p><strong>Title:<\/strong> Vicariance between Cercis siliquastrum L. and Ceratonia siliqua L. unveiled by the physical-chemical properties of the leaves\u2019 epicuticular waxes<\/p>\n<p><strong>Year:<\/strong> 2022<\/p>\n<p><strong>Authors:<\/strong> Pereira, R., Rocha, J., Nunes, P., Fernandes, T., Ravishankar, A., Cruz, R., Fernandes, M., Srinivasan, A., Casal, S., Zea Bermudez, V., Crespi, A.<\/p>\n<p><strong>Journal:<\/strong> Frontiers in Plant Science<\/p>\n<p><strong>URL: <\/strong><a href=\"https:\/\/doi.org\/10.3389\/fpls.2022.890647\" target=\"_blank\" rel=\"noopener\">https:\/\/doi.org\/10.3389\/fpls.2022.890647<\/a><\/p>\n\t\t\t\t\t\t\t\t<\/div>\n\t\t\t\t<\/div>\n\t\t\t\t<div class=\"elementor-element elementor-element-8bad6de elementor-widget elementor-widget-text-editor\" data-id=\"8bad6de\" data-element_type=\"widget\" data-widget_type=\"text-editor.default\">\n\t\t\t\t<div class=\"elementor-widget-container\">\n\t\t\t\t\t\t\t\t\t<p><strong>Title:<\/strong> Phenotypic strategies for Jasione L. or the challenge that taxonomy face to recent floristic responses along western Eurasia<\/p>\n<p><strong>Year:<\/strong> 2022<\/p>\n<p><strong>Authors:<\/strong> Rocha, J., Almeida, P., Ram\u00edrez-Rodr\u00edguez, R., Sales, F., Amich, F., Cresp\u00ed, A.<\/p>\n<p><strong>Journal:<\/strong> Turkish Journal of Botany<\/p>\n<p><strong>URL: <\/strong><a href=\"https:\/\/doi.org\/10.3906\/bot-2104-15\" target=\"_blank\" rel=\"noopener\">https:\/\/doi.org\/10.3906\/bot-2104-15<\/a><\/p>\n\t\t\t\t\t\t\t\t<\/div>\n\t\t\t\t<\/div>\n\t\t\t\t\t<\/div>\n\t\t<\/div>\n\t\t\t\t\t<\/div>\n\t\t<\/section>\n\t\t\t\t<\/div>\n\t\t","protected":false},"excerpt":{"rendered":"<p>TEAM MEMBER Jo\u00e3o Rocha PhD in Bioloy (UP, 2014)Project Manager Work line 3: Circular economy and value chains joao.rocha@forestwise.pt Degree in Biology (UTAD, 2006), Master&#8217;s in Biodiversity and Genetic Resources (Cibio\/FCUP, 2008) and PhD in Biology (UP, 2014). He has published several articles in specialized journals in the areas of Ecology, Conservation and Ecological Modelling. [&hellip;]<\/p>\n","protected":false},"author":5,"featured_media":0,"parent":6029,"menu_order":0,"comment_status":"closed","ping_status":"closed","template":"","meta":{"footnotes":""},"class_list":["post-17652","page","type-page","status-publish","hentry"],"yoast_head":"<!-- This site is optimized with the Yoast SEO plugin v26.7 - https:\/\/yoast.com\/wordpress\/plugins\/seo\/ -->\n<title>Jo\u00e3o Rocha - ForestWISE<\/title>\n<meta name=\"description\" content=\"Jo\u00e3o Rocha -\" \/>\n<meta name=\"robots\" content=\"index, follow, max-snippet:-1, max-image-preview:large, max-video-preview:-1\" \/>\n<link rel=\"canonical\" href=\"https:\/\/www.forestwise.pt\/en\/the-team\/joao-rocha\/\" \/>\n<meta property=\"og:locale\" content=\"en_US\" \/>\n<meta property=\"og:type\" content=\"article\" \/>\n<meta property=\"og:title\" content=\"Jo\u00e3o Rocha - ForestWISE\" \/>\n<meta property=\"og:description\" content=\"Jo\u00e3o Rocha -\" \/>\n<meta property=\"og:url\" content=\"https:\/\/www.forestwise.pt\/en\/the-team\/joao-rocha\/\" \/>\n<meta property=\"og:site_name\" content=\"ForestWISE\" \/>\n<meta property=\"article:modified_time\" content=\"2024-06-18T14:05:16+00:00\" \/>\n<meta property=\"og:image\" content=\"https:\/\/www.forestwise.pt\/wp-content\/uploads\/2023\/08\/Joao-Rocha-300x300.png\" \/>\n<meta name=\"twitter:card\" content=\"summary_large_image\" \/>\n<meta name=\"twitter:label1\" content=\"Est. reading time\" \/>\n\t<meta name=\"twitter:data1\" content=\"2 minutes\" \/>\n<script type=\"application\/ld+json\" class=\"yoast-schema-graph\">{\"@context\":\"https:\/\/schema.org\",\"@graph\":[{\"@type\":\"WebPage\",\"@id\":\"https:\/\/www.forestwise.pt\/en\/the-team\/joao-rocha\/\",\"url\":\"https:\/\/www.forestwise.pt\/en\/the-team\/joao-rocha\/\",\"name\":\"Jo\u00e3o Rocha - ForestWISE\",\"isPartOf\":{\"@id\":\"https:\/\/www.forestwise.pt\/#website\"},\"primaryImageOfPage\":{\"@id\":\"https:\/\/www.forestwise.pt\/en\/the-team\/joao-rocha\/#primaryimage\"},\"image\":{\"@id\":\"https:\/\/www.forestwise.pt\/en\/the-team\/joao-rocha\/#primaryimage\"},\"thumbnailUrl\":\"https:\/\/www.forestwise.pt\/wp-content\/uploads\/2023\/08\/Joao-Rocha-300x300.png\",\"datePublished\":\"2023-08-29T14:19:04+00:00\",\"dateModified\":\"2024-06-18T14:05:16+00:00\",\"description\":\"Jo\u00e3o Rocha -\",\"breadcrumb\":{\"@id\":\"https:\/\/www.forestwise.pt\/en\/the-team\/joao-rocha\/#breadcrumb\"},\"inLanguage\":\"en-US\",\"potentialAction\":[{\"@type\":\"ReadAction\",\"target\":[\"https:\/\/www.forestwise.pt\/en\/the-team\/joao-rocha\/\"]}]},{\"@type\":\"ImageObject\",\"inLanguage\":\"en-US\",\"@id\":\"https:\/\/www.forestwise.pt\/en\/the-team\/joao-rocha\/#primaryimage\",\"url\":\"https:\/\/www.forestwise.pt\/wp-content\/uploads\/2023\/08\/Joao-Rocha-300x300.png\",\"contentUrl\":\"https:\/\/www.forestwise.pt\/wp-content\/uploads\/2023\/08\/Joao-Rocha-300x300.png\"},{\"@type\":\"BreadcrumbList\",\"@id\":\"https:\/\/www.forestwise.pt\/en\/the-team\/joao-rocha\/#breadcrumb\",\"itemListElement\":[{\"@type\":\"ListItem\",\"position\":1,\"name\":\"Home\",\"item\":\"https:\/\/www.forestwise.pt\/en\/\"},{\"@type\":\"ListItem\",\"position\":2,\"name\":\"The Team\",\"item\":\"https:\/\/www.forestwise.pt\/en\/the-team\/\"},{\"@type\":\"ListItem\",\"position\":3,\"name\":\"Jo\u00e3o Rocha\"}]},{\"@type\":\"WebSite\",\"@id\":\"https:\/\/www.forestwise.pt\/#website\",\"url\":\"https:\/\/www.forestwise.pt\/\",\"name\":\"ForestWISE\",\"description\":\"Laborat\u00f3rio Colaborativo para Gesta\u0303o Integrada da Floresta e do Fogo\",\"publisher\":{\"@id\":\"https:\/\/www.forestwise.pt\/#organization\"},\"potentialAction\":[{\"@type\":\"SearchAction\",\"target\":{\"@type\":\"EntryPoint\",\"urlTemplate\":\"https:\/\/www.forestwise.pt\/?s={search_term_string}\"},\"query-input\":{\"@type\":\"PropertyValueSpecification\",\"valueRequired\":true,\"valueName\":\"search_term_string\"}}],\"inLanguage\":\"en-US\"},{\"@type\":\"Organization\",\"@id\":\"https:\/\/www.forestwise.pt\/#organization\",\"name\":\"ForestWISE\",\"url\":\"https:\/\/www.forestwise.pt\/\",\"logo\":{\"@type\":\"ImageObject\",\"inLanguage\":\"en-US\",\"@id\":\"https:\/\/www.forestwise.pt\/#\/schema\/logo\/image\/\",\"url\":\"https:\/\/www.forestwise.pt\/wp-content\/uploads\/2021\/10\/FW_H_Cores.png\",\"contentUrl\":\"https:\/\/www.forestwise.pt\/wp-content\/uploads\/2021\/10\/FW_H_Cores.png\",\"width\":7779,\"height\":1853,\"caption\":\"ForestWISE\"},\"image\":{\"@id\":\"https:\/\/www.forestwise.pt\/#\/schema\/logo\/image\/\"}}]}<\/script>\n<!-- \/ Yoast SEO plugin. -->","yoast_head_json":{"title":"Jo\u00e3o Rocha - ForestWISE","description":"Jo\u00e3o Rocha -","robots":{"index":"index","follow":"follow","max-snippet":"max-snippet:-1","max-image-preview":"max-image-preview:large","max-video-preview":"max-video-preview:-1"},"canonical":"https:\/\/www.forestwise.pt\/en\/the-team\/joao-rocha\/","og_locale":"en_US","og_type":"article","og_title":"Jo\u00e3o Rocha - ForestWISE","og_description":"Jo\u00e3o Rocha -","og_url":"https:\/\/www.forestwise.pt\/en\/the-team\/joao-rocha\/","og_site_name":"ForestWISE","article_modified_time":"2024-06-18T14:05:16+00:00","og_image":[{"url":"https:\/\/www.forestwise.pt\/wp-content\/uploads\/2023\/08\/Joao-Rocha-300x300.png","type":"","width":"","height":""}],"twitter_card":"summary_large_image","twitter_misc":{"Est. reading time":"2 minutes"},"schema":{"@context":"https:\/\/schema.org","@graph":[{"@type":"WebPage","@id":"https:\/\/www.forestwise.pt\/en\/the-team\/joao-rocha\/","url":"https:\/\/www.forestwise.pt\/en\/the-team\/joao-rocha\/","name":"Jo\u00e3o Rocha - ForestWISE","isPartOf":{"@id":"https:\/\/www.forestwise.pt\/#website"},"primaryImageOfPage":{"@id":"https:\/\/www.forestwise.pt\/en\/the-team\/joao-rocha\/#primaryimage"},"image":{"@id":"https:\/\/www.forestwise.pt\/en\/the-team\/joao-rocha\/#primaryimage"},"thumbnailUrl":"https:\/\/www.forestwise.pt\/wp-content\/uploads\/2023\/08\/Joao-Rocha-300x300.png","datePublished":"2023-08-29T14:19:04+00:00","dateModified":"2024-06-18T14:05:16+00:00","description":"Jo\u00e3o Rocha -","breadcrumb":{"@id":"https:\/\/www.forestwise.pt\/en\/the-team\/joao-rocha\/#breadcrumb"},"inLanguage":"en-US","potentialAction":[{"@type":"ReadAction","target":["https:\/\/www.forestwise.pt\/en\/the-team\/joao-rocha\/"]}]},{"@type":"ImageObject","inLanguage":"en-US","@id":"https:\/\/www.forestwise.pt\/en\/the-team\/joao-rocha\/#primaryimage","url":"https:\/\/www.forestwise.pt\/wp-content\/uploads\/2023\/08\/Joao-Rocha-300x300.png","contentUrl":"https:\/\/www.forestwise.pt\/wp-content\/uploads\/2023\/08\/Joao-Rocha-300x300.png"},{"@type":"BreadcrumbList","@id":"https:\/\/www.forestwise.pt\/en\/the-team\/joao-rocha\/#breadcrumb","itemListElement":[{"@type":"ListItem","position":1,"name":"Home","item":"https:\/\/www.forestwise.pt\/en\/"},{"@type":"ListItem","position":2,"name":"The Team","item":"https:\/\/www.forestwise.pt\/en\/the-team\/"},{"@type":"ListItem","position":3,"name":"Jo\u00e3o Rocha"}]},{"@type":"WebSite","@id":"https:\/\/www.forestwise.pt\/#website","url":"https:\/\/www.forestwise.pt\/","name":"ForestWISE","description":"Laborat\u00f3rio Colaborativo para Gesta\u0303o Integrada da Floresta e do Fogo","publisher":{"@id":"https:\/\/www.forestwise.pt\/#organization"},"potentialAction":[{"@type":"SearchAction","target":{"@type":"EntryPoint","urlTemplate":"https:\/\/www.forestwise.pt\/?s={search_term_string}"},"query-input":{"@type":"PropertyValueSpecification","valueRequired":true,"valueName":"search_term_string"}}],"inLanguage":"en-US"},{"@type":"Organization","@id":"https:\/\/www.forestwise.pt\/#organization","name":"ForestWISE","url":"https:\/\/www.forestwise.pt\/","logo":{"@type":"ImageObject","inLanguage":"en-US","@id":"https:\/\/www.forestwise.pt\/#\/schema\/logo\/image\/","url":"https:\/\/www.forestwise.pt\/wp-content\/uploads\/2021\/10\/FW_H_Cores.png","contentUrl":"https:\/\/www.forestwise.pt\/wp-content\/uploads\/2021\/10\/FW_H_Cores.png","width":7779,"height":1853,"caption":"ForestWISE"},"image":{"@id":"https:\/\/www.forestwise.pt\/#\/schema\/logo\/image\/"}}]}},"_links":{"self":[{"href":"https:\/\/www.forestwise.pt\/en\/wp-json\/wp\/v2\/pages\/17652","targetHints":{"allow":["GET"]}}],"collection":[{"href":"https:\/\/www.forestwise.pt\/en\/wp-json\/wp\/v2\/pages"}],"about":[{"href":"https:\/\/www.forestwise.pt\/en\/wp-json\/wp\/v2\/types\/page"}],"author":[{"embeddable":true,"href":"https:\/\/www.forestwise.pt\/en\/wp-json\/wp\/v2\/users\/5"}],"replies":[{"embeddable":true,"href":"https:\/\/www.forestwise.pt\/en\/wp-json\/wp\/v2\/comments?post=17652"}],"version-history":[{"count":0,"href":"https:\/\/www.forestwise.pt\/en\/wp-json\/wp\/v2\/pages\/17652\/revisions"}],"up":[{"embeddable":true,"href":"https:\/\/www.forestwise.pt\/en\/wp-json\/wp\/v2\/pages\/6029"}],"wp:attachment":[{"href":"https:\/\/www.forestwise.pt\/en\/wp-json\/wp\/v2\/media?parent=17652"}],"curies":[{"name":"wp","href":"https:\/\/api.w.org\/{rel}","templated":true}]}}