{"id":23848,"date":"2024-10-08T16:37:05","date_gmt":"2024-10-08T15:37:05","guid":{"rendered":"https:\/\/www.forestwise.pt\/?page_id=23848"},"modified":"2024-10-08T16:46:07","modified_gmt":"2024-10-08T15:46:07","slug":"sara-leite","status":"publish","type":"page","link":"https:\/\/www.forestwise.pt\/en\/the-team\/sara-leite\/","title":{"rendered":"Sara Leite"},"content":{"rendered":"\t\t<div data-elementor-type=\"wp-page\" data-elementor-id=\"23848\" class=\"elementor elementor-23848\" data-elementor-post-type=\"page\">\n\t\t\t\t\t\t<section class=\"elementor-section elementor-top-section elementor-element elementor-element-302027b elementor-section-height-min-height elementor-section-boxed elementor-section-height-default elementor-section-items-middle\" data-id=\"302027b\" data-element_type=\"section\" data-settings=\"{&quot;background_background&quot;:&quot;classic&quot;}\">\n\t\t\t\t\t\t\t<div class=\"elementor-background-overlay\"><\/div>\n\t\t\t\t\t\t\t<div class=\"elementor-container elementor-column-gap-default\">\n\t\t\t\t\t<div class=\"elementor-column elementor-col-100 elementor-top-column elementor-element elementor-element-5b5dcf5\" data-id=\"5b5dcf5\" data-element_type=\"column\">\n\t\t\t<div class=\"elementor-widget-wrap elementor-element-populated\">\n\t\t\t\t\t\t<div class=\"elementor-element elementor-element-0e1641c elementor-widget elementor-widget-text-editor\" data-id=\"0e1641c\" data-element_type=\"widget\" data-widget_type=\"text-editor.default\">\n\t\t\t\t<div class=\"elementor-widget-container\">\n\t\t\t\t\t\t\t\t\t<p>TEAM MEMBER<\/p>\n\t\t\t\t\t\t\t\t<\/div>\n\t\t\t\t<\/div>\n\t\t\t\t\t<\/div>\n\t\t<\/div>\n\t\t\t\t\t<\/div>\n\t\t<\/section>\n\t\t\t\t<section class=\"elementor-section elementor-inner-section elementor-element elementor-element-4d36efe2 elementor-section-boxed elementor-section-height-default elementor-section-height-default\" data-id=\"4d36efe2\" data-element_type=\"section\">\n\t\t\t\t\t\t<div class=\"elementor-container elementor-column-gap-default\">\n\t\t\t\t\t<div class=\"elementor-column elementor-col-50 elementor-inner-column elementor-element elementor-element-199af0ed\" data-id=\"199af0ed\" data-element_type=\"column\">\n\t\t\t<div class=\"elementor-widget-wrap elementor-element-populated\">\n\t\t\t\t\t\t<div class=\"elementor-element elementor-element-8c67525 elementor-widget elementor-widget-image\" data-id=\"8c67525\" data-element_type=\"widget\" data-widget_type=\"image.default\">\n\t\t\t\t<div class=\"elementor-widget-container\">\n\t\t\t\t\t\t\t\t\t\t\t\t\t\t\t<img fetchpriority=\"high\" decoding=\"async\" width=\"300\" height=\"300\" src=\"https:\/\/www.forestwise.pt\/wp-content\/uploads\/2024\/10\/sara-leite-684x684-1-300x300.png\" class=\"attachment-medium size-medium wp-image-23818\" alt=\"\" srcset=\"https:\/\/www.forestwise.pt\/wp-content\/uploads\/2024\/10\/sara-leite-684x684-1-300x300.png 300w, https:\/\/www.forestwise.pt\/wp-content\/uploads\/2024\/10\/sara-leite-684x684-1-150x150.png 150w, https:\/\/www.forestwise.pt\/wp-content\/uploads\/2024\/10\/sara-leite-684x684-1.png 684w\" sizes=\"(max-width: 300px) 100vw, 300px\" \/>\t\t\t\t\t\t\t\t\t\t\t\t\t\t\t<\/div>\n\t\t\t\t<\/div>\n\t\t\t\t\t<\/div>\n\t\t<\/div>\n\t\t\t\t<div class=\"elementor-column elementor-col-50 elementor-inner-column elementor-element elementor-element-8188980\" data-id=\"8188980\" data-element_type=\"column\">\n\t\t\t<div class=\"elementor-widget-wrap elementor-element-populated\">\n\t\t\t\t\t\t<div class=\"elementor-element elementor-element-46c61c2f elementor-widget elementor-widget-text-editor\" data-id=\"46c61c2f\" data-element_type=\"widget\" data-widget_type=\"text-editor.default\">\n\t\t\t\t<div class=\"elementor-widget-container\">\n\t\t\t\t\t\t\t\t\t<h4>Sara Leite<\/h4><p>Project Manager<\/p><p>Master&#8217;s Degree in Science, Technology and Innovation Studies &#8211; Speciality in Policies and Citizen Participation in Science and Technology (Univ. of Salamanca, 2023)<\/p><p><a href=\"https:\/\/www.forestwise.pt\/en\/people-and-policies\/\">Work Line 4<\/a>: People and Policies<\/p><p><a href=\"mailto:sara.leite@forestwise.pt\" target=\"_blank\" rel=\"noopener\">sara.leite@forestwise.pt<\/a><\/p>\t\t\t\t\t\t\t\t<\/div>\n\t\t\t\t<\/div>\n\t\t\t\t\t<\/div>\n\t\t<\/div>\n\t\t\t\t\t<\/div>\n\t\t<\/section>\n\t\t\t\t<section class=\"elementor-section elementor-inner-section elementor-element elementor-element-ffafeb2 elementor-section-boxed elementor-section-height-default elementor-section-height-default\" data-id=\"ffafeb2\" data-element_type=\"section\">\n\t\t\t\t\t\t<div class=\"elementor-container elementor-column-gap-default\">\n\t\t\t\t\t<div class=\"elementor-column elementor-col-100 elementor-inner-column elementor-element elementor-element-291dc63\" data-id=\"291dc63\" data-element_type=\"column\">\n\t\t\t<div class=\"elementor-widget-wrap elementor-element-populated\">\n\t\t\t\t\t\t<div class=\"elementor-element elementor-element-eb4e788 elementor-widget elementor-widget-text-editor\" data-id=\"eb4e788\" data-element_type=\"widget\" data-widget_type=\"text-editor.default\">\n\t\t\t\t<div class=\"elementor-widget-container\">\n\t\t\t\t\t\t\t\t\t<p>She has a degree in Physics (University of Aveiro, 2009), a Master&#8217;s degree in Teaching Physics and Chemistry (University of Aveiro, 2011) and a Master&#8217;s degree in Science, Technology and Innovation Studies &#8211; Specialising in Policies and Citizen Participation in Science and Technology (University of Salamanca, 2023). In her career she has worked in the teaching sector, in the management of educational and cultural projects and in citizen participation in science.<\/p>\n\t\t\t\t\t\t\t\t<\/div>\n\t\t\t\t<\/div>\n\t\t\t\t<div class=\"elementor-element elementor-element-4b608d1 elementor-widget elementor-widget-text-editor\" data-id=\"4b608d1\" data-element_type=\"widget\" data-widget_type=\"text-editor.default\">\n\t\t\t\t<div class=\"elementor-widget-container\">\n\t\t\t\t\t\t\t\t\t<p>Areas of interest:<\/p>\n<p>Citizen participation in science and technology; education and culture.<\/p>\n\t\t\t\t\t\t\t\t<\/div>\n\t\t\t\t<\/div>\n\t\t\t\t\t<\/div>\n\t\t<\/div>\n\t\t\t\t\t<\/div>\n\t\t<\/section>\n\t\t\t\t<section class=\"elementor-section elementor-inner-section elementor-element elementor-element-041c473 elementor-section-boxed elementor-section-height-default elementor-section-height-default\" data-id=\"041c473\" data-element_type=\"section\">\n\t\t\t\t\t\t<div class=\"elementor-container elementor-column-gap-default\">\n\t\t\t\t\t<div class=\"elementor-column elementor-col-100 elementor-inner-column elementor-element elementor-element-898936f\" data-id=\"898936f\" data-element_type=\"column\">\n\t\t\t<div class=\"elementor-widget-wrap elementor-element-populated\">\n\t\t\t\t\t\t<div class=\"elementor-element elementor-element-6f9768b elementor-widget elementor-widget-heading\" data-id=\"6f9768b\" data-element_type=\"widget\" data-widget_type=\"heading.default\">\n\t\t\t\t<div class=\"elementor-widget-container\">\n\t\t\t\t\t<h2 class=\"elementor-heading-title elementor-size-default\">MAIN PUBLICATIONS<\/h2>\t\t\t\t<\/div>\n\t\t\t\t<\/div>\n\t\t\t\t<div class=\"elementor-element elementor-element-61e09db elementor-widget elementor-widget-text-editor\" data-id=\"61e09db\" data-element_type=\"widget\" data-widget_type=\"text-editor.default\">\n\t\t\t\t<div class=\"elementor-widget-container\">\n\t\t\t\t\t\t\t\t\t<p><strong>Title: <\/strong>Exploring the role of museums in engaging citizens to address the decline of wild pollinating insects<\/p>\n<p><strong>Year:<\/strong> 2024<\/p>\n<p><strong>Authors:<\/strong> Leite, S., Tokarski, M., Pereira, A., Vecchione, E., Corral, S., Herrera Gonzalez, J., Garc\u00eda Hern\u00e1ndez, D., Arija Bartolom\u00e9, L., Mateo, C., De Vera , A. eMarkevi\u010di\u016bt\u0117, K.<\/p>\n<p><strong>Journal: <\/strong>Publications Office of the European Union<\/p>\n<p><strong>URL:\u00a0 <\/strong><a href=\"https:\/\/publications.jrc.ec.europa.eu\/repository\/handle\/JRC138338\" target=\"_blank\" rel=\"noopener\">https:\/\/publications.jrc.ec.europa.eu\/repository\/handle\/JRC138338<\/a><\/p>\n\t\t\t\t\t\t\t\t<\/div>\n\t\t\t\t<\/div>\n\t\t\t\t\t<\/div>\n\t\t<\/div>\n\t\t\t\t\t<\/div>\n\t\t<\/section>\n\t\t\t\t<\/div>\n\t\t","protected":false},"excerpt":{"rendered":"<p>TEAM MEMBER Sara Leite Project Manager Master&#8217;s Degree in Science, Technology and Innovation Studies &#8211; Speciality in Policies and Citizen Participation in Science and Technology (Univ. of Salamanca, 2023) Work Line 4: People and Policies sara.leite@forestwise.pt She has a degree in Physics (University of Aveiro, 2009), a Master&#8217;s degree in Teaching Physics and Chemistry (University [&hellip;]<\/p>\n","protected":false},"author":5,"featured_media":0,"parent":6029,"menu_order":0,"comment_status":"closed","ping_status":"closed","template":"","meta":{"footnotes":""},"class_list":["post-23848","page","type-page","status-publish","hentry"],"yoast_head":"<!-- This site is optimized with the Yoast SEO plugin v26.7 - https:\/\/yoast.com\/wordpress\/plugins\/seo\/ -->\n<title>Sara Leite - ForestWISE<\/title>\n<meta name=\"description\" content=\"Sara Leite -\" \/>\n<meta name=\"robots\" content=\"index, follow, max-snippet:-1, max-image-preview:large, max-video-preview:-1\" \/>\n<link rel=\"canonical\" href=\"https:\/\/www.forestwise.pt\/en\/the-team\/sara-leite\/\" \/>\n<meta property=\"og:locale\" content=\"en_US\" \/>\n<meta property=\"og:type\" content=\"article\" \/>\n<meta property=\"og:title\" content=\"Sara Leite - ForestWISE\" \/>\n<meta property=\"og:description\" content=\"Sara Leite -\" \/>\n<meta property=\"og:url\" content=\"https:\/\/www.forestwise.pt\/en\/the-team\/sara-leite\/\" \/>\n<meta property=\"og:site_name\" content=\"ForestWISE\" \/>\n<meta property=\"article:modified_time\" content=\"2024-10-08T15:46:07+00:00\" \/>\n<meta property=\"og:image\" content=\"https:\/\/www.forestwise.pt\/wp-content\/uploads\/2024\/10\/sara-leite-684x684-1-300x300.png\" \/>\n<meta name=\"twitter:card\" content=\"summary_large_image\" \/>\n<meta name=\"twitter:label1\" content=\"Est. reading time\" \/>\n\t<meta name=\"twitter:data1\" content=\"1 minute\" \/>\n<script type=\"application\/ld+json\" class=\"yoast-schema-graph\">{\"@context\":\"https:\/\/schema.org\",\"@graph\":[{\"@type\":\"WebPage\",\"@id\":\"https:\/\/www.forestwise.pt\/en\/the-team\/sara-leite\/\",\"url\":\"https:\/\/www.forestwise.pt\/en\/the-team\/sara-leite\/\",\"name\":\"Sara Leite - ForestWISE\",\"isPartOf\":{\"@id\":\"https:\/\/www.forestwise.pt\/#website\"},\"primaryImageOfPage\":{\"@id\":\"https:\/\/www.forestwise.pt\/en\/the-team\/sara-leite\/#primaryimage\"},\"image\":{\"@id\":\"https:\/\/www.forestwise.pt\/en\/the-team\/sara-leite\/#primaryimage\"},\"thumbnailUrl\":\"https:\/\/www.forestwise.pt\/wp-content\/uploads\/2024\/10\/sara-leite-684x684-1-300x300.png\",\"datePublished\":\"2024-10-08T15:37:05+00:00\",\"dateModified\":\"2024-10-08T15:46:07+00:00\",\"description\":\"Sara Leite -\",\"breadcrumb\":{\"@id\":\"https:\/\/www.forestwise.pt\/en\/the-team\/sara-leite\/#breadcrumb\"},\"inLanguage\":\"en-US\",\"potentialAction\":[{\"@type\":\"ReadAction\",\"target\":[\"https:\/\/www.forestwise.pt\/en\/the-team\/sara-leite\/\"]}]},{\"@type\":\"ImageObject\",\"inLanguage\":\"en-US\",\"@id\":\"https:\/\/www.forestwise.pt\/en\/the-team\/sara-leite\/#primaryimage\",\"url\":\"https:\/\/www.forestwise.pt\/wp-content\/uploads\/2024\/10\/sara-leite-684x684-1-300x300.png\",\"contentUrl\":\"https:\/\/www.forestwise.pt\/wp-content\/uploads\/2024\/10\/sara-leite-684x684-1-300x300.png\"},{\"@type\":\"BreadcrumbList\",\"@id\":\"https:\/\/www.forestwise.pt\/en\/the-team\/sara-leite\/#breadcrumb\",\"itemListElement\":[{\"@type\":\"ListItem\",\"position\":1,\"name\":\"Home\",\"item\":\"https:\/\/www.forestwise.pt\/en\/\"},{\"@type\":\"ListItem\",\"position\":2,\"name\":\"The Team\",\"item\":\"https:\/\/www.forestwise.pt\/en\/the-team\/\"},{\"@type\":\"ListItem\",\"position\":3,\"name\":\"Sara Leite\"}]},{\"@type\":\"WebSite\",\"@id\":\"https:\/\/www.forestwise.pt\/#website\",\"url\":\"https:\/\/www.forestwise.pt\/\",\"name\":\"ForestWISE\",\"description\":\"Laborat\u00f3rio Colaborativo para Gesta\u0303o Integrada da Floresta e do Fogo\",\"publisher\":{\"@id\":\"https:\/\/www.forestwise.pt\/#organization\"},\"potentialAction\":[{\"@type\":\"SearchAction\",\"target\":{\"@type\":\"EntryPoint\",\"urlTemplate\":\"https:\/\/www.forestwise.pt\/?s={search_term_string}\"},\"query-input\":{\"@type\":\"PropertyValueSpecification\",\"valueRequired\":true,\"valueName\":\"search_term_string\"}}],\"inLanguage\":\"en-US\"},{\"@type\":\"Organization\",\"@id\":\"https:\/\/www.forestwise.pt\/#organization\",\"name\":\"ForestWISE\",\"url\":\"https:\/\/www.forestwise.pt\/\",\"logo\":{\"@type\":\"ImageObject\",\"inLanguage\":\"en-US\",\"@id\":\"https:\/\/www.forestwise.pt\/#\/schema\/logo\/image\/\",\"url\":\"https:\/\/www.forestwise.pt\/wp-content\/uploads\/2021\/10\/FW_H_Cores.png\",\"contentUrl\":\"https:\/\/www.forestwise.pt\/wp-content\/uploads\/2021\/10\/FW_H_Cores.png\",\"width\":7779,\"height\":1853,\"caption\":\"ForestWISE\"},\"image\":{\"@id\":\"https:\/\/www.forestwise.pt\/#\/schema\/logo\/image\/\"}}]}<\/script>\n<!-- \/ Yoast SEO plugin. -->","yoast_head_json":{"title":"Sara Leite - ForestWISE","description":"Sara Leite -","robots":{"index":"index","follow":"follow","max-snippet":"max-snippet:-1","max-image-preview":"max-image-preview:large","max-video-preview":"max-video-preview:-1"},"canonical":"https:\/\/www.forestwise.pt\/en\/the-team\/sara-leite\/","og_locale":"en_US","og_type":"article","og_title":"Sara Leite - ForestWISE","og_description":"Sara Leite -","og_url":"https:\/\/www.forestwise.pt\/en\/the-team\/sara-leite\/","og_site_name":"ForestWISE","article_modified_time":"2024-10-08T15:46:07+00:00","og_image":[{"url":"https:\/\/www.forestwise.pt\/wp-content\/uploads\/2024\/10\/sara-leite-684x684-1-300x300.png","type":"","width":"","height":""}],"twitter_card":"summary_large_image","twitter_misc":{"Est. reading time":"1 minute"},"schema":{"@context":"https:\/\/schema.org","@graph":[{"@type":"WebPage","@id":"https:\/\/www.forestwise.pt\/en\/the-team\/sara-leite\/","url":"https:\/\/www.forestwise.pt\/en\/the-team\/sara-leite\/","name":"Sara Leite - ForestWISE","isPartOf":{"@id":"https:\/\/www.forestwise.pt\/#website"},"primaryImageOfPage":{"@id":"https:\/\/www.forestwise.pt\/en\/the-team\/sara-leite\/#primaryimage"},"image":{"@id":"https:\/\/www.forestwise.pt\/en\/the-team\/sara-leite\/#primaryimage"},"thumbnailUrl":"https:\/\/www.forestwise.pt\/wp-content\/uploads\/2024\/10\/sara-leite-684x684-1-300x300.png","datePublished":"2024-10-08T15:37:05+00:00","dateModified":"2024-10-08T15:46:07+00:00","description":"Sara Leite -","breadcrumb":{"@id":"https:\/\/www.forestwise.pt\/en\/the-team\/sara-leite\/#breadcrumb"},"inLanguage":"en-US","potentialAction":[{"@type":"ReadAction","target":["https:\/\/www.forestwise.pt\/en\/the-team\/sara-leite\/"]}]},{"@type":"ImageObject","inLanguage":"en-US","@id":"https:\/\/www.forestwise.pt\/en\/the-team\/sara-leite\/#primaryimage","url":"https:\/\/www.forestwise.pt\/wp-content\/uploads\/2024\/10\/sara-leite-684x684-1-300x300.png","contentUrl":"https:\/\/www.forestwise.pt\/wp-content\/uploads\/2024\/10\/sara-leite-684x684-1-300x300.png"},{"@type":"BreadcrumbList","@id":"https:\/\/www.forestwise.pt\/en\/the-team\/sara-leite\/#breadcrumb","itemListElement":[{"@type":"ListItem","position":1,"name":"Home","item":"https:\/\/www.forestwise.pt\/en\/"},{"@type":"ListItem","position":2,"name":"The Team","item":"https:\/\/www.forestwise.pt\/en\/the-team\/"},{"@type":"ListItem","position":3,"name":"Sara Leite"}]},{"@type":"WebSite","@id":"https:\/\/www.forestwise.pt\/#website","url":"https:\/\/www.forestwise.pt\/","name":"ForestWISE","description":"Laborat\u00f3rio Colaborativo para Gesta\u0303o Integrada da Floresta e do Fogo","publisher":{"@id":"https:\/\/www.forestwise.pt\/#organization"},"potentialAction":[{"@type":"SearchAction","target":{"@type":"EntryPoint","urlTemplate":"https:\/\/www.forestwise.pt\/?s={search_term_string}"},"query-input":{"@type":"PropertyValueSpecification","valueRequired":true,"valueName":"search_term_string"}}],"inLanguage":"en-US"},{"@type":"Organization","@id":"https:\/\/www.forestwise.pt\/#organization","name":"ForestWISE","url":"https:\/\/www.forestwise.pt\/","logo":{"@type":"ImageObject","inLanguage":"en-US","@id":"https:\/\/www.forestwise.pt\/#\/schema\/logo\/image\/","url":"https:\/\/www.forestwise.pt\/wp-content\/uploads\/2021\/10\/FW_H_Cores.png","contentUrl":"https:\/\/www.forestwise.pt\/wp-content\/uploads\/2021\/10\/FW_H_Cores.png","width":7779,"height":1853,"caption":"ForestWISE"},"image":{"@id":"https:\/\/www.forestwise.pt\/#\/schema\/logo\/image\/"}}]}},"_links":{"self":[{"href":"https:\/\/www.forestwise.pt\/en\/wp-json\/wp\/v2\/pages\/23848","targetHints":{"allow":["GET"]}}],"collection":[{"href":"https:\/\/www.forestwise.pt\/en\/wp-json\/wp\/v2\/pages"}],"about":[{"href":"https:\/\/www.forestwise.pt\/en\/wp-json\/wp\/v2\/types\/page"}],"author":[{"embeddable":true,"href":"https:\/\/www.forestwise.pt\/en\/wp-json\/wp\/v2\/users\/5"}],"replies":[{"embeddable":true,"href":"https:\/\/www.forestwise.pt\/en\/wp-json\/wp\/v2\/comments?post=23848"}],"version-history":[{"count":0,"href":"https:\/\/www.forestwise.pt\/en\/wp-json\/wp\/v2\/pages\/23848\/revisions"}],"up":[{"embeddable":true,"href":"https:\/\/www.forestwise.pt\/en\/wp-json\/wp\/v2\/pages\/6029"}],"wp:attachment":[{"href":"https:\/\/www.forestwise.pt\/en\/wp-json\/wp\/v2\/media?parent=23848"}],"curies":[{"name":"wp","href":"https:\/\/api.w.org\/{rel}","templated":true}]}}