{"id":25586,"date":"2025-06-20T14:35:41","date_gmt":"2025-06-20T13:35:41","guid":{"rendered":"https:\/\/www.forestwise.pt\/?page_id=25586"},"modified":"2025-06-20T14:47:10","modified_gmt":"2025-06-20T13:47:10","slug":"joao-monteiro","status":"publish","type":"page","link":"https:\/\/www.forestwise.pt\/en\/the-team\/joao-monteiro\/","title":{"rendered":"Jo\u00e3o Monteiro"},"content":{"rendered":"\t\t<div data-elementor-type=\"wp-page\" data-elementor-id=\"25586\" class=\"elementor elementor-25586\" data-elementor-post-type=\"page\">\n\t\t\t\t\t\t<section class=\"elementor-section elementor-top-section elementor-element elementor-element-302027b elementor-section-height-min-height elementor-section-boxed elementor-section-height-default elementor-section-items-middle\" data-id=\"302027b\" data-element_type=\"section\" data-settings=\"{&quot;background_background&quot;:&quot;classic&quot;}\">\n\t\t\t\t\t\t\t<div class=\"elementor-background-overlay\"><\/div>\n\t\t\t\t\t\t\t<div class=\"elementor-container elementor-column-gap-default\">\n\t\t\t\t\t<div class=\"elementor-column elementor-col-100 elementor-top-column elementor-element elementor-element-5b5dcf5\" data-id=\"5b5dcf5\" data-element_type=\"column\">\n\t\t\t<div class=\"elementor-widget-wrap elementor-element-populated\">\n\t\t\t\t\t\t<div class=\"elementor-element elementor-element-0e1641c elementor-widget elementor-widget-text-editor\" data-id=\"0e1641c\" data-element_type=\"widget\" data-widget_type=\"text-editor.default\">\n\t\t\t\t<div class=\"elementor-widget-container\">\n\t\t\t\t\t\t\t\t\t<p>TEAM MEMBER<\/p>\n\t\t\t\t\t\t\t\t<\/div>\n\t\t\t\t<\/div>\n\t\t\t\t\t<\/div>\n\t\t<\/div>\n\t\t\t\t\t<\/div>\n\t\t<\/section>\n\t\t\t\t<section class=\"elementor-section elementor-inner-section elementor-element elementor-element-4d36efe2 elementor-section-boxed elementor-section-height-default elementor-section-height-default\" data-id=\"4d36efe2\" data-element_type=\"section\">\n\t\t\t\t\t\t<div class=\"elementor-container elementor-column-gap-default\">\n\t\t\t\t\t<div class=\"elementor-column elementor-col-50 elementor-inner-column elementor-element elementor-element-199af0ed\" data-id=\"199af0ed\" data-element_type=\"column\">\n\t\t\t<div class=\"elementor-widget-wrap elementor-element-populated\">\n\t\t\t\t\t\t<div class=\"elementor-element elementor-element-8c67525 elementor-widget elementor-widget-image\" data-id=\"8c67525\" data-element_type=\"widget\" data-widget_type=\"image.default\">\n\t\t\t\t<div class=\"elementor-widget-container\">\n\t\t\t\t\t\t\t\t\t\t\t\t\t\t\t<img decoding=\"async\" src=\"https:\/\/www.forestwise.pt\/wp-content\/uploads\/2025\/06\/joao-monteiro.png\" title=\"\" alt=\"\" loading=\"lazy\" \/>\t\t\t\t\t\t\t\t\t\t\t\t\t\t\t<\/div>\n\t\t\t\t<\/div>\n\t\t\t\t\t<\/div>\n\t\t<\/div>\n\t\t\t\t<div class=\"elementor-column elementor-col-50 elementor-inner-column elementor-element elementor-element-8188980\" data-id=\"8188980\" data-element_type=\"column\">\n\t\t\t<div class=\"elementor-widget-wrap elementor-element-populated\">\n\t\t\t\t\t\t<div class=\"elementor-element elementor-element-46c61c2f elementor-widget elementor-widget-text-editor\" data-id=\"46c61c2f\" data-element_type=\"widget\" data-widget_type=\"text-editor.default\">\n\t\t\t\t<div class=\"elementor-widget-container\">\n\t\t\t\t\t\t\t\t\t<h4>Jo\u00e3o Monteiro<\/h4>\n<p>Degree in Forestry Engineering (UTAD, 2019)<\/p>\n<p>Project Technician<\/p>\n<p>Project Support Unit<\/p>\n<p><a href=\"mailto:joao.monteiro@forestwise.pt\" target=\"_blank\" rel=\"noopener\">joao.monteiro@forestwise.pt<\/a><\/p>\n\t\t\t\t\t\t\t\t<\/div>\n\t\t\t\t<\/div>\n\t\t\t\t\t<\/div>\n\t\t<\/div>\n\t\t\t\t\t<\/div>\n\t\t<\/section>\n\t\t\t\t<section class=\"elementor-section elementor-inner-section elementor-element elementor-element-ffafeb2 elementor-section-boxed elementor-section-height-default elementor-section-height-default\" data-id=\"ffafeb2\" data-element_type=\"section\">\n\t\t\t\t\t\t<div class=\"elementor-container elementor-column-gap-default\">\n\t\t\t\t\t<div class=\"elementor-column elementor-col-100 elementor-inner-column elementor-element elementor-element-291dc63\" data-id=\"291dc63\" data-element_type=\"column\">\n\t\t\t<div class=\"elementor-widget-wrap elementor-element-populated\">\n\t\t\t\t\t\t<div class=\"elementor-element elementor-element-eb4e788 elementor-widget elementor-widget-text-editor\" data-id=\"eb4e788\" data-element_type=\"widget\" data-widget_type=\"text-editor.default\">\n\t\t\t\t<div class=\"elementor-widget-container\">\n\t\t\t\t\t\t\t\t\t<p>He has extensive experience in performing forest inventories, having worked on identifying forest species, focussing on the main species in Portugal, collecting dendrometric variables and field surveys using global positioning systems. He is a qualified Bupi (Balc\u00e3o \u00danico do Pr\u00e9dio) technician and also has experience in land registry and photointerpretation.<\/p>\n\t\t\t\t\t\t\t\t<\/div>\n\t\t\t\t<\/div>\n\t\t\t\t<div class=\"elementor-element elementor-element-4b608d1 elementor-widget elementor-widget-text-editor\" data-id=\"4b608d1\" data-element_type=\"widget\" data-widget_type=\"text-editor.default\">\n\t\t\t\t<div class=\"elementor-widget-container\">\n\t\t\t\t\t\t\t\t\t<p>Areas of interest:<\/p>\n<p>Forest inventory, dendrometry, global positioning systems, photointerpretation.<\/p>\n\t\t\t\t\t\t\t\t<\/div>\n\t\t\t\t<\/div>\n\t\t\t\t\t<\/div>\n\t\t<\/div>\n\t\t\t\t\t<\/div>\n\t\t<\/section>\n\t\t\t\t<\/div>\n\t\t","protected":false},"excerpt":{"rendered":"<p>TEAM MEMBER Jo\u00e3o Monteiro Degree in Forestry Engineering (UTAD, 2019) Project Technician Project Support Unit joao.monteiro@forestwise.pt He has extensive experience in performing forest inventories, having worked on identifying forest species, focussing on the main species in Portugal, collecting dendrometric variables and field surveys using global positioning systems. He is a qualified Bupi (Balc\u00e3o \u00danico do [&hellip;]<\/p>\n","protected":false},"author":5,"featured_media":0,"parent":6029,"menu_order":0,"comment_status":"closed","ping_status":"closed","template":"","meta":{"footnotes":""},"class_list":["post-25586","page","type-page","status-publish","hentry"],"yoast_head":"<!-- This site is optimized with the Yoast SEO plugin v26.7 - https:\/\/yoast.com\/wordpress\/plugins\/seo\/ -->\n<title>Jo\u00e3o Monteiro - ForestWISE<\/title>\n<meta name=\"description\" content=\"Jo\u00e3o Monteiro -\" \/>\n<meta name=\"robots\" content=\"index, follow, max-snippet:-1, max-image-preview:large, max-video-preview:-1\" \/>\n<link rel=\"canonical\" href=\"https:\/\/www.forestwise.pt\/en\/the-team\/joao-monteiro\/\" \/>\n<meta property=\"og:locale\" content=\"en_US\" \/>\n<meta property=\"og:type\" content=\"article\" \/>\n<meta property=\"og:title\" content=\"Jo\u00e3o Monteiro - ForestWISE\" \/>\n<meta property=\"og:description\" content=\"Jo\u00e3o Monteiro -\" \/>\n<meta property=\"og:url\" content=\"https:\/\/www.forestwise.pt\/en\/the-team\/joao-monteiro\/\" \/>\n<meta property=\"og:site_name\" content=\"ForestWISE\" \/>\n<meta property=\"article:modified_time\" content=\"2025-06-20T13:47:10+00:00\" \/>\n<meta property=\"og:image\" content=\"https:\/\/www.forestwise.pt\/wp-content\/uploads\/2025\/06\/joao-monteiro-300x300.png\" \/>\n<meta name=\"twitter:card\" content=\"summary_large_image\" \/>\n<meta name=\"twitter:label1\" content=\"Est. reading time\" \/>\n\t<meta name=\"twitter:data1\" content=\"1 minute\" \/>\n<script type=\"application\/ld+json\" class=\"yoast-schema-graph\">{\"@context\":\"https:\/\/schema.org\",\"@graph\":[{\"@type\":\"WebPage\",\"@id\":\"https:\/\/www.forestwise.pt\/en\/the-team\/joao-monteiro\/\",\"url\":\"https:\/\/www.forestwise.pt\/en\/the-team\/joao-monteiro\/\",\"name\":\"Jo\u00e3o Monteiro - ForestWISE\",\"isPartOf\":{\"@id\":\"https:\/\/www.forestwise.pt\/#website\"},\"primaryImageOfPage\":{\"@id\":\"https:\/\/www.forestwise.pt\/en\/the-team\/joao-monteiro\/#primaryimage\"},\"image\":{\"@id\":\"https:\/\/www.forestwise.pt\/en\/the-team\/joao-monteiro\/#primaryimage\"},\"thumbnailUrl\":\"https:\/\/www.forestwise.pt\/wp-content\/uploads\/2025\/06\/joao-monteiro-300x300.png\",\"datePublished\":\"2025-06-20T13:35:41+00:00\",\"dateModified\":\"2025-06-20T13:47:10+00:00\",\"description\":\"Jo\u00e3o Monteiro -\",\"breadcrumb\":{\"@id\":\"https:\/\/www.forestwise.pt\/en\/the-team\/joao-monteiro\/#breadcrumb\"},\"inLanguage\":\"en-US\",\"potentialAction\":[{\"@type\":\"ReadAction\",\"target\":[\"https:\/\/www.forestwise.pt\/en\/the-team\/joao-monteiro\/\"]}]},{\"@type\":\"ImageObject\",\"inLanguage\":\"en-US\",\"@id\":\"https:\/\/www.forestwise.pt\/en\/the-team\/joao-monteiro\/#primaryimage\",\"url\":\"https:\/\/www.forestwise.pt\/wp-content\/uploads\/2025\/06\/joao-monteiro-300x300.png\",\"contentUrl\":\"https:\/\/www.forestwise.pt\/wp-content\/uploads\/2025\/06\/joao-monteiro-300x300.png\"},{\"@type\":\"BreadcrumbList\",\"@id\":\"https:\/\/www.forestwise.pt\/en\/the-team\/joao-monteiro\/#breadcrumb\",\"itemListElement\":[{\"@type\":\"ListItem\",\"position\":1,\"name\":\"Home\",\"item\":\"https:\/\/www.forestwise.pt\/en\/\"},{\"@type\":\"ListItem\",\"position\":2,\"name\":\"The Team\",\"item\":\"https:\/\/www.forestwise.pt\/en\/the-team\/\"},{\"@type\":\"ListItem\",\"position\":3,\"name\":\"Jo\u00e3o Monteiro\"}]},{\"@type\":\"WebSite\",\"@id\":\"https:\/\/www.forestwise.pt\/#website\",\"url\":\"https:\/\/www.forestwise.pt\/\",\"name\":\"ForestWISE\",\"description\":\"Laborat\u00f3rio Colaborativo para Gesta\u0303o Integrada da Floresta e do Fogo\",\"publisher\":{\"@id\":\"https:\/\/www.forestwise.pt\/#organization\"},\"potentialAction\":[{\"@type\":\"SearchAction\",\"target\":{\"@type\":\"EntryPoint\",\"urlTemplate\":\"https:\/\/www.forestwise.pt\/?s={search_term_string}\"},\"query-input\":{\"@type\":\"PropertyValueSpecification\",\"valueRequired\":true,\"valueName\":\"search_term_string\"}}],\"inLanguage\":\"en-US\"},{\"@type\":\"Organization\",\"@id\":\"https:\/\/www.forestwise.pt\/#organization\",\"name\":\"ForestWISE\",\"url\":\"https:\/\/www.forestwise.pt\/\",\"logo\":{\"@type\":\"ImageObject\",\"inLanguage\":\"en-US\",\"@id\":\"https:\/\/www.forestwise.pt\/#\/schema\/logo\/image\/\",\"url\":\"https:\/\/www.forestwise.pt\/wp-content\/uploads\/2021\/10\/FW_H_Cores.png\",\"contentUrl\":\"https:\/\/www.forestwise.pt\/wp-content\/uploads\/2021\/10\/FW_H_Cores.png\",\"width\":7779,\"height\":1853,\"caption\":\"ForestWISE\"},\"image\":{\"@id\":\"https:\/\/www.forestwise.pt\/#\/schema\/logo\/image\/\"}}]}<\/script>\n<!-- \/ Yoast SEO plugin. -->","yoast_head_json":{"title":"Jo\u00e3o Monteiro - ForestWISE","description":"Jo\u00e3o Monteiro -","robots":{"index":"index","follow":"follow","max-snippet":"max-snippet:-1","max-image-preview":"max-image-preview:large","max-video-preview":"max-video-preview:-1"},"canonical":"https:\/\/www.forestwise.pt\/en\/the-team\/joao-monteiro\/","og_locale":"en_US","og_type":"article","og_title":"Jo\u00e3o Monteiro - ForestWISE","og_description":"Jo\u00e3o Monteiro -","og_url":"https:\/\/www.forestwise.pt\/en\/the-team\/joao-monteiro\/","og_site_name":"ForestWISE","article_modified_time":"2025-06-20T13:47:10+00:00","og_image":[{"url":"https:\/\/www.forestwise.pt\/wp-content\/uploads\/2025\/06\/joao-monteiro-300x300.png","type":"","width":"","height":""}],"twitter_card":"summary_large_image","twitter_misc":{"Est. reading time":"1 minute"},"schema":{"@context":"https:\/\/schema.org","@graph":[{"@type":"WebPage","@id":"https:\/\/www.forestwise.pt\/en\/the-team\/joao-monteiro\/","url":"https:\/\/www.forestwise.pt\/en\/the-team\/joao-monteiro\/","name":"Jo\u00e3o Monteiro - ForestWISE","isPartOf":{"@id":"https:\/\/www.forestwise.pt\/#website"},"primaryImageOfPage":{"@id":"https:\/\/www.forestwise.pt\/en\/the-team\/joao-monteiro\/#primaryimage"},"image":{"@id":"https:\/\/www.forestwise.pt\/en\/the-team\/joao-monteiro\/#primaryimage"},"thumbnailUrl":"https:\/\/www.forestwise.pt\/wp-content\/uploads\/2025\/06\/joao-monteiro-300x300.png","datePublished":"2025-06-20T13:35:41+00:00","dateModified":"2025-06-20T13:47:10+00:00","description":"Jo\u00e3o Monteiro -","breadcrumb":{"@id":"https:\/\/www.forestwise.pt\/en\/the-team\/joao-monteiro\/#breadcrumb"},"inLanguage":"en-US","potentialAction":[{"@type":"ReadAction","target":["https:\/\/www.forestwise.pt\/en\/the-team\/joao-monteiro\/"]}]},{"@type":"ImageObject","inLanguage":"en-US","@id":"https:\/\/www.forestwise.pt\/en\/the-team\/joao-monteiro\/#primaryimage","url":"https:\/\/www.forestwise.pt\/wp-content\/uploads\/2025\/06\/joao-monteiro-300x300.png","contentUrl":"https:\/\/www.forestwise.pt\/wp-content\/uploads\/2025\/06\/joao-monteiro-300x300.png"},{"@type":"BreadcrumbList","@id":"https:\/\/www.forestwise.pt\/en\/the-team\/joao-monteiro\/#breadcrumb","itemListElement":[{"@type":"ListItem","position":1,"name":"Home","item":"https:\/\/www.forestwise.pt\/en\/"},{"@type":"ListItem","position":2,"name":"The Team","item":"https:\/\/www.forestwise.pt\/en\/the-team\/"},{"@type":"ListItem","position":3,"name":"Jo\u00e3o Monteiro"}]},{"@type":"WebSite","@id":"https:\/\/www.forestwise.pt\/#website","url":"https:\/\/www.forestwise.pt\/","name":"ForestWISE","description":"Laborat\u00f3rio Colaborativo para Gesta\u0303o Integrada da Floresta e do Fogo","publisher":{"@id":"https:\/\/www.forestwise.pt\/#organization"},"potentialAction":[{"@type":"SearchAction","target":{"@type":"EntryPoint","urlTemplate":"https:\/\/www.forestwise.pt\/?s={search_term_string}"},"query-input":{"@type":"PropertyValueSpecification","valueRequired":true,"valueName":"search_term_string"}}],"inLanguage":"en-US"},{"@type":"Organization","@id":"https:\/\/www.forestwise.pt\/#organization","name":"ForestWISE","url":"https:\/\/www.forestwise.pt\/","logo":{"@type":"ImageObject","inLanguage":"en-US","@id":"https:\/\/www.forestwise.pt\/#\/schema\/logo\/image\/","url":"https:\/\/www.forestwise.pt\/wp-content\/uploads\/2021\/10\/FW_H_Cores.png","contentUrl":"https:\/\/www.forestwise.pt\/wp-content\/uploads\/2021\/10\/FW_H_Cores.png","width":7779,"height":1853,"caption":"ForestWISE"},"image":{"@id":"https:\/\/www.forestwise.pt\/#\/schema\/logo\/image\/"}}]}},"_links":{"self":[{"href":"https:\/\/www.forestwise.pt\/en\/wp-json\/wp\/v2\/pages\/25586","targetHints":{"allow":["GET"]}}],"collection":[{"href":"https:\/\/www.forestwise.pt\/en\/wp-json\/wp\/v2\/pages"}],"about":[{"href":"https:\/\/www.forestwise.pt\/en\/wp-json\/wp\/v2\/types\/page"}],"author":[{"embeddable":true,"href":"https:\/\/www.forestwise.pt\/en\/wp-json\/wp\/v2\/users\/5"}],"replies":[{"embeddable":true,"href":"https:\/\/www.forestwise.pt\/en\/wp-json\/wp\/v2\/comments?post=25586"}],"version-history":[{"count":5,"href":"https:\/\/www.forestwise.pt\/en\/wp-json\/wp\/v2\/pages\/25586\/revisions"}],"predecessor-version":[{"id":25599,"href":"https:\/\/www.forestwise.pt\/en\/wp-json\/wp\/v2\/pages\/25586\/revisions\/25599"}],"up":[{"embeddable":true,"href":"https:\/\/www.forestwise.pt\/en\/wp-json\/wp\/v2\/pages\/6029"}],"wp:attachment":[{"href":"https:\/\/www.forestwise.pt\/en\/wp-json\/wp\/v2\/media?parent=25586"}],"curies":[{"name":"wp","href":"https:\/\/api.w.org\/{rel}","templated":true}]}}