{"id":6166,"date":"2022-02-02T13:23:29","date_gmt":"2022-02-02T13:23:29","guid":{"rendered":"https:\/\/www.forestwise.pt\/?page_id=6166"},"modified":"2022-10-01T15:13:22","modified_gmt":"2022-10-01T14:13:22","slug":"brigite-botequim","status":"publish","type":"page","link":"https:\/\/www.forestwise.pt\/en\/the-team\/brigite-botequim\/","title":{"rendered":"Brigite Botequim"},"content":{"rendered":"\t\t<div data-elementor-type=\"wp-page\" data-elementor-id=\"6166\" class=\"elementor elementor-6166\" data-elementor-post-type=\"page\">\n\t\t\t\t\t\t<section class=\"elementor-section elementor-top-section elementor-element elementor-element-302027b elementor-section-height-min-height elementor-section-boxed elementor-section-height-default elementor-section-items-middle\" data-id=\"302027b\" data-element_type=\"section\" data-settings=\"{&quot;background_background&quot;:&quot;classic&quot;}\">\n\t\t\t\t\t\t\t<div class=\"elementor-background-overlay\"><\/div>\n\t\t\t\t\t\t\t<div class=\"elementor-container elementor-column-gap-default\">\n\t\t\t\t\t<div class=\"elementor-column elementor-col-100 elementor-top-column elementor-element elementor-element-5b5dcf5\" data-id=\"5b5dcf5\" data-element_type=\"column\">\n\t\t\t<div class=\"elementor-widget-wrap elementor-element-populated\">\n\t\t\t\t\t\t<div class=\"elementor-element elementor-element-0e1641c elementor-widget elementor-widget-text-editor\" data-id=\"0e1641c\" data-element_type=\"widget\" data-widget_type=\"text-editor.default\">\n\t\t\t\t<div class=\"elementor-widget-container\">\n\t\t\t\t\t\t\t\t\t<p>TEAM MEMBER<\/p>\t\t\t\t\t\t\t\t<\/div>\n\t\t\t\t<\/div>\n\t\t\t\t\t<\/div>\n\t\t<\/div>\n\t\t\t\t\t<\/div>\n\t\t<\/section>\n\t\t\t\t<section class=\"elementor-section elementor-inner-section elementor-element elementor-element-4d36efe2 elementor-section-boxed elementor-section-height-default elementor-section-height-default\" data-id=\"4d36efe2\" data-element_type=\"section\">\n\t\t\t\t\t\t<div class=\"elementor-container elementor-column-gap-default\">\n\t\t\t\t\t<div class=\"elementor-column elementor-col-50 elementor-inner-column elementor-element elementor-element-199af0ed\" data-id=\"199af0ed\" data-element_type=\"column\">\n\t\t\t<div class=\"elementor-widget-wrap elementor-element-populated\">\n\t\t\t\t\t\t<div class=\"elementor-element elementor-element-8c67525 elementor-widget elementor-widget-image\" data-id=\"8c67525\" data-element_type=\"widget\" data-widget_type=\"image.default\">\n\t\t\t\t<div class=\"elementor-widget-container\">\n\t\t\t\t\t\t\t\t\t\t\t\t\t\t\t<img fetchpriority=\"high\" decoding=\"async\" width=\"300\" height=\"300\" src=\"https:\/\/www.forestwise.pt\/wp-content\/uploads\/2022\/02\/Brigite-Botequim-min-300x300.png\" class=\"attachment-medium size-medium wp-image-5913\" alt=\"\" srcset=\"https:\/\/www.forestwise.pt\/wp-content\/uploads\/2022\/02\/Brigite-Botequim-min-300x300.png 300w, https:\/\/www.forestwise.pt\/wp-content\/uploads\/2022\/02\/Brigite-Botequim-min-150x150.png 150w, https:\/\/www.forestwise.pt\/wp-content\/uploads\/2022\/02\/Brigite-Botequim-min.png 683w\" sizes=\"(max-width: 300px) 100vw, 300px\" \/>\t\t\t\t\t\t\t\t\t\t\t\t\t\t\t<\/div>\n\t\t\t\t<\/div>\n\t\t\t\t\t<\/div>\n\t\t<\/div>\n\t\t\t\t<div class=\"elementor-column elementor-col-50 elementor-inner-column elementor-element elementor-element-8188980\" data-id=\"8188980\" data-element_type=\"column\">\n\t\t\t<div class=\"elementor-widget-wrap elementor-element-populated\">\n\t\t\t\t\t\t<div class=\"elementor-element elementor-element-46c61c2f elementor-widget elementor-widget-text-editor\" data-id=\"46c61c2f\" data-element_type=\"widget\" data-widget_type=\"text-editor.default\">\n\t\t\t\t<div class=\"elementor-widget-container\">\n\t\t\t\t\t\t\t\t\t<h4><strong>Brigite Botequim<\/strong><\/h4><p>Senior Researcher<br \/>PhD in Forestry and Natural Resources Engineering (ISA, 2015)<\/p><p><a href=\"https:\/\/www.forestwise.pt\/en\/risk-management\/\" target=\"_blank\" rel=\"noopener\">Work Line 2<\/a>: Risk Management<\/p><p><a href=\"mailto:brigite.botequim@forestwise.pt\"><span style=\"font-weight: 400;\">brigite.botequim@forestwise.pt<\/span><\/a><\/p>\t\t\t\t\t\t\t\t<\/div>\n\t\t\t\t<\/div>\n\t\t\t\t\t<\/div>\n\t\t<\/div>\n\t\t\t\t\t<\/div>\n\t\t<\/section>\n\t\t\t\t<section class=\"elementor-section elementor-inner-section elementor-element elementor-element-ffafeb2 elementor-section-boxed elementor-section-height-default elementor-section-height-default\" data-id=\"ffafeb2\" data-element_type=\"section\">\n\t\t\t\t\t\t<div class=\"elementor-container elementor-column-gap-default\">\n\t\t\t\t\t<div class=\"elementor-column elementor-col-100 elementor-inner-column elementor-element elementor-element-291dc63\" data-id=\"291dc63\" data-element_type=\"column\">\n\t\t\t<div class=\"elementor-widget-wrap elementor-element-populated\">\n\t\t\t\t\t\t<div class=\"elementor-element elementor-element-eb4e788 elementor-widget elementor-widget-text-editor\" data-id=\"eb4e788\" data-element_type=\"widget\" data-widget_type=\"text-editor.default\">\n\t\t\t\t<div class=\"elementor-widget-container\">\n\t\t\t\t\t\t\t\t\t<p>A PhD in Forestry and Natural Resources Engineering (2015, ISA\/Univ. Lisboa). Brigite has professional experience in Forest Producers Associations and national consulting and research as an integrated member of the Center for Forestry Studies (CEF\/ISA). In the last 15 years he has coordinated tasks in national and international projects in the areas of integration of forest ecosystem management and fire for the design of more fire resistant landscapes in the face of global change. She teaches in the courses of Forest Planning and Management (ISA) and Rural Fire Management (UTAD). Author of more than 20 international publications and several technical reports.<\/p><p><a href=\"https:\/\/orcid.org\/0000-0002-6661-190X\" target=\"_blank\" rel=\"noopener\">View Orcid profile<\/a><\/p>\t\t\t\t\t\t\t\t<\/div>\n\t\t\t\t<\/div>\n\t\t\t\t<div class=\"elementor-element elementor-element-4b608d1 elementor-widget elementor-widget-text-editor\" data-id=\"4b608d1\" data-element_type=\"widget\" data-widget_type=\"text-editor.default\">\n\t\t\t\t<div class=\"elementor-widget-container\">\n\t\t\t\t\t\t\t\t\t<p>\u00c1reas de interesse:<\/p><p><span style=\"font-weight: 400;\">Preventive forestry, Fire behavior simulators, Multicriteria optimization of forest ecosystems; Post-fire management, Participatory approaches, Trade-offs analysis, Ecosystem services<\/span><\/p>\t\t\t\t\t\t\t\t<\/div>\n\t\t\t\t<\/div>\n\t\t\t\t\t<\/div>\n\t\t<\/div>\n\t\t\t\t\t<\/div>\n\t\t<\/section>\n\t\t\t\t<section class=\"elementor-section elementor-inner-section elementor-element elementor-element-041c473 elementor-section-boxed elementor-section-height-default elementor-section-height-default\" data-id=\"041c473\" data-element_type=\"section\">\n\t\t\t\t\t\t<div class=\"elementor-container elementor-column-gap-default\">\n\t\t\t\t\t<div class=\"elementor-column elementor-col-100 elementor-inner-column elementor-element elementor-element-898936f\" data-id=\"898936f\" data-element_type=\"column\">\n\t\t\t<div class=\"elementor-widget-wrap elementor-element-populated\">\n\t\t\t\t\t\t<div class=\"elementor-element elementor-element-6f9768b elementor-widget elementor-widget-heading\" data-id=\"6f9768b\" data-element_type=\"widget\" data-widget_type=\"heading.default\">\n\t\t\t\t<div class=\"elementor-widget-container\">\n\t\t\t\t\t<h2 class=\"elementor-heading-title elementor-size-default\">MAIN PUBLICATIONS<\/h2>\t\t\t\t<\/div>\n\t\t\t\t<\/div>\n\t\t\t\t<div class=\"elementor-element elementor-element-61e09db elementor-widget elementor-widget-text-editor\" data-id=\"61e09db\" data-element_type=\"widget\" data-widget_type=\"text-editor.default\">\n\t\t\t\t<div class=\"elementor-widget-container\">\n\t\t\t\t\t\t\t\t\t<p><span style=\"font-weight: 400;\"><strong>Title:<\/strong> Forest management for optimizing soil protection: a landscape-level approach<\/span><\/p><p><span style=\"font-weight: 400;\"><strong>Year:<\/strong> 2021<\/span><\/p><p><span style=\"font-weight: 400;\"><strong>Authors:<\/strong> Rodrigues A.R., Marques S., Botequim B., Marto M., Borges J.G.<\/span><\/p><p><span style=\"font-weight: 400;\"><strong>Journal:<\/strong> Forest Ecosystems<\/span><\/p><p><strong>URL: <\/strong><a href=\"https:\/\/forestecosyst.springeropen.com\/articles\/10.1186\/s40663-021-00324-w\" target=\"_blank\" rel=\"noopener\">https:\/\/forestecosyst.springeropen.com\/articles\/10.1186\/s40663-021-00324-w<\/a><\/p>\t\t\t\t\t\t\t\t<\/div>\n\t\t\t\t<\/div>\n\t\t\t\t<div class=\"elementor-element elementor-element-8fba48f elementor-widget-divider--view-line elementor-widget elementor-widget-divider\" data-id=\"8fba48f\" data-element_type=\"widget\" data-widget_type=\"divider.default\">\n\t\t\t\t<div class=\"elementor-widget-container\">\n\t\t\t\t\t\t\t<div class=\"elementor-divider\">\n\t\t\t<span class=\"elementor-divider-separator\">\n\t\t\t\t\t\t<\/span>\n\t\t<\/div>\n\t\t\t\t\t\t<\/div>\n\t\t\t\t<\/div>\n\t\t\t\t<div class=\"elementor-element elementor-element-d4208fb elementor-widget elementor-widget-text-editor\" data-id=\"d4208fb\" data-element_type=\"widget\" data-widget_type=\"text-editor.default\">\n\t\t\t\t<div class=\"elementor-widget-container\">\n\t\t\t\t\t\t\t\t\t<p><span style=\"font-weight: 400;\"><strong>Title:<\/strong> Assessing the Accuracy of GEDI Data for Canopy Height and Aboveground Biomass Estimates in Mediterranean Forests<\/span><\/p><p><span style=\"font-weight: 400;\"><strong>Year:<\/strong> 2021<\/span><\/p><p><span style=\"font-weight: 400;\"><strong>Authors:<\/strong> Dorado-Roda I., Pascual A., Godinho S., Silva C.A., Botequim, B., Rodr\u00edguez-Gonz\u00e1lvez P., Gonz\u00e1lez-Ferreiro E., Guerra-Hern\u00e1ndez J.<\/span><\/p><p><span style=\"font-weight: 400;\"><strong>Magazine:<\/strong> Remote Sensing<\/span><\/p><p><strong>URL: <\/strong><a href=\"https:\/\/doi.org\/10.3390\/rs13122279\" target=\"_blank\" rel=\"noopener\">https:\/\/doi.org\/10.3390\/rs13122279<\/a><\/p>\t\t\t\t\t\t\t\t<\/div>\n\t\t\t\t<\/div>\n\t\t\t\t<div class=\"elementor-element elementor-element-8d15c7a elementor-widget-divider--view-line elementor-widget elementor-widget-divider\" data-id=\"8d15c7a\" data-element_type=\"widget\" data-widget_type=\"divider.default\">\n\t\t\t\t<div class=\"elementor-widget-container\">\n\t\t\t\t\t\t\t<div class=\"elementor-divider\">\n\t\t\t<span class=\"elementor-divider-separator\">\n\t\t\t\t\t\t<\/span>\n\t\t<\/div>\n\t\t\t\t\t\t<\/div>\n\t\t\t\t<\/div>\n\t\t\t\t<div class=\"elementor-element elementor-element-8fd534a elementor-widget elementor-widget-text-editor\" data-id=\"8fd534a\" data-element_type=\"widget\" data-widget_type=\"text-editor.default\">\n\t\t\t\t<div class=\"elementor-widget-container\">\n\t\t\t\t\t\t\t\t\t<p><span style=\"font-weight: 400;\"><strong>Title:<\/strong> Combining Tree Species Composition and Understory Coverage Indicators with Optimization Techniques to Address Concerns with Landscape-Level Biodiversity<\/span><\/p><p><span style=\"font-weight: 400;\"><strong>Year:<\/strong> 2021<\/span><\/p><p><span style=\"font-weight: 400;\"><strong>Authors:<\/strong> Botequim B., Bugalho M.N., Rodrigues A.R., Marques S, Marto M., Borges J.G.<\/span><\/p><p><span style=\"font-weight: 400;\"><strong>Journal:<\/strong> Land<\/span><\/p><p><strong>URL: <\/strong><a href=\"https:\/\/www.mdpi.com\/2073-445X\/10\/2\/126\" target=\"_blank\" rel=\"noopener\">https:\/\/www.mdpi.com\/2073-445X\/10\/2\/126<\/a><\/p>\t\t\t\t\t\t\t\t<\/div>\n\t\t\t\t<\/div>\n\t\t\t\t<div class=\"elementor-element elementor-element-200220d elementor-widget-divider--view-line elementor-widget elementor-widget-divider\" data-id=\"200220d\" data-element_type=\"widget\" data-widget_type=\"divider.default\">\n\t\t\t\t<div class=\"elementor-widget-container\">\n\t\t\t\t\t\t\t<div class=\"elementor-divider\">\n\t\t\t<span class=\"elementor-divider-separator\">\n\t\t\t\t\t\t<\/span>\n\t\t<\/div>\n\t\t\t\t\t\t<\/div>\n\t\t\t\t<\/div>\n\t\t\t\t<div class=\"elementor-element elementor-element-47e8674 elementor-widget elementor-widget-text-editor\" data-id=\"47e8674\" data-element_type=\"widget\" data-widget_type=\"text-editor.default\">\n\t\t\t\t<div class=\"elementor-widget-container\">\n\t\t\t\t\t\t\t\t\t<p><span style=\"font-weight: 400;\"><strong>Title:<\/strong> Forest Biodiversity, Carbon Sequestration, and Wood Production: Modelling Synergies and Trade-Offs for Ten Forest Landscapes across Europe<\/span><\/p><p><span style=\"font-weight: 400;\"><strong>Year:<\/strong> 2020<\/span><\/p><p><span style=\"font-weight: 400;\"><strong>Authors:<\/strong> Biber, Felton, Nieuwenhuis, Lindbladh, Black, Bah\u00fd\u013e, Bing\u00f6l, Borges J.G., Botequim B., et al.<\/span><\/p><p><span style=\"font-weight: 400;\"><strong>Journal:<\/strong> Frontiers<\/span><\/p><p><strong>URL: <\/strong><a href=\"https:\/\/doi.org\/10.3389\/fevo.2020.547696\" target=\"_blank\" rel=\"noopener\">https:\/\/doi.org\/10.3389\/fevo.2020.547696<\/a><\/p>\t\t\t\t\t\t\t\t<\/div>\n\t\t\t\t<\/div>\n\t\t\t\t\t<\/div>\n\t\t<\/div>\n\t\t\t\t\t<\/div>\n\t\t<\/section>\n\t\t\t\t<\/div>\n\t\t","protected":false},"excerpt":{"rendered":"<p>TEAM MEMBER Brigite Botequim Senior ResearcherPhD in Forestry and Natural Resources Engineering (ISA, 2015) Work Line 2: Risk Management brigite.botequim@forestwise.pt A PhD in Forestry and Natural Resources Engineering (2015, ISA\/Univ. Lisboa). Brigite has professional experience in Forest Producers Associations and national consulting and research as an integrated member of the Center for Forestry Studies (CEF\/ISA). [&hellip;]<\/p>\n","protected":false},"author":5,"featured_media":0,"parent":6029,"menu_order":0,"comment_status":"closed","ping_status":"closed","template":"","meta":{"footnotes":""},"class_list":["post-6166","page","type-page","status-publish","hentry"],"yoast_head":"<!-- This site is optimized with the Yoast SEO plugin v26.7 - https:\/\/yoast.com\/wordpress\/plugins\/seo\/ -->\n<title>Brigite Botequim - ForestWISE<\/title>\n<meta name=\"description\" content=\"Brigite Botequim -\" \/>\n<meta name=\"robots\" content=\"index, follow, max-snippet:-1, max-image-preview:large, max-video-preview:-1\" \/>\n<link rel=\"canonical\" href=\"https:\/\/www.forestwise.pt\/en\/the-team\/brigite-botequim\/\" \/>\n<meta property=\"og:locale\" content=\"en_US\" \/>\n<meta property=\"og:type\" content=\"article\" \/>\n<meta property=\"og:title\" content=\"Brigite Botequim - ForestWISE\" \/>\n<meta property=\"og:description\" content=\"Brigite Botequim -\" \/>\n<meta property=\"og:url\" content=\"https:\/\/www.forestwise.pt\/en\/the-team\/brigite-botequim\/\" \/>\n<meta property=\"og:site_name\" content=\"ForestWISE\" \/>\n<meta property=\"article:modified_time\" content=\"2022-10-01T14:13:22+00:00\" \/>\n<meta property=\"og:image\" content=\"https:\/\/www.forestwise.pt\/wp-content\/uploads\/2022\/02\/Brigite-Botequim-min-300x300.png\" \/>\n<meta name=\"twitter:card\" content=\"summary_large_image\" \/>\n<meta name=\"twitter:label1\" content=\"Est. reading time\" \/>\n\t<meta name=\"twitter:data1\" content=\"2 minutes\" \/>\n<script type=\"application\/ld+json\" class=\"yoast-schema-graph\">{\"@context\":\"https:\/\/schema.org\",\"@graph\":[{\"@type\":\"WebPage\",\"@id\":\"https:\/\/www.forestwise.pt\/en\/the-team\/brigite-botequim\/\",\"url\":\"https:\/\/www.forestwise.pt\/en\/the-team\/brigite-botequim\/\",\"name\":\"Brigite Botequim - ForestWISE\",\"isPartOf\":{\"@id\":\"https:\/\/www.forestwise.pt\/#website\"},\"primaryImageOfPage\":{\"@id\":\"https:\/\/www.forestwise.pt\/en\/the-team\/brigite-botequim\/#primaryimage\"},\"image\":{\"@id\":\"https:\/\/www.forestwise.pt\/en\/the-team\/brigite-botequim\/#primaryimage\"},\"thumbnailUrl\":\"https:\/\/www.forestwise.pt\/wp-content\/uploads\/2022\/02\/Brigite-Botequim-min-300x300.png\",\"datePublished\":\"2022-02-02T13:23:29+00:00\",\"dateModified\":\"2022-10-01T14:13:22+00:00\",\"description\":\"Brigite Botequim -\",\"breadcrumb\":{\"@id\":\"https:\/\/www.forestwise.pt\/en\/the-team\/brigite-botequim\/#breadcrumb\"},\"inLanguage\":\"en-US\",\"potentialAction\":[{\"@type\":\"ReadAction\",\"target\":[\"https:\/\/www.forestwise.pt\/en\/the-team\/brigite-botequim\/\"]}]},{\"@type\":\"ImageObject\",\"inLanguage\":\"en-US\",\"@id\":\"https:\/\/www.forestwise.pt\/en\/the-team\/brigite-botequim\/#primaryimage\",\"url\":\"https:\/\/www.forestwise.pt\/wp-content\/uploads\/2022\/02\/Brigite-Botequim-min-300x300.png\",\"contentUrl\":\"https:\/\/www.forestwise.pt\/wp-content\/uploads\/2022\/02\/Brigite-Botequim-min-300x300.png\"},{\"@type\":\"BreadcrumbList\",\"@id\":\"https:\/\/www.forestwise.pt\/en\/the-team\/brigite-botequim\/#breadcrumb\",\"itemListElement\":[{\"@type\":\"ListItem\",\"position\":1,\"name\":\"Home\",\"item\":\"https:\/\/www.forestwise.pt\/en\/\"},{\"@type\":\"ListItem\",\"position\":2,\"name\":\"The Team\",\"item\":\"https:\/\/www.forestwise.pt\/en\/the-team\/\"},{\"@type\":\"ListItem\",\"position\":3,\"name\":\"Brigite Botequim\"}]},{\"@type\":\"WebSite\",\"@id\":\"https:\/\/www.forestwise.pt\/#website\",\"url\":\"https:\/\/www.forestwise.pt\/\",\"name\":\"ForestWISE\",\"description\":\"Laborat\u00f3rio Colaborativo para Gesta\u0303o Integrada da Floresta e do Fogo\",\"publisher\":{\"@id\":\"https:\/\/www.forestwise.pt\/#organization\"},\"potentialAction\":[{\"@type\":\"SearchAction\",\"target\":{\"@type\":\"EntryPoint\",\"urlTemplate\":\"https:\/\/www.forestwise.pt\/?s={search_term_string}\"},\"query-input\":{\"@type\":\"PropertyValueSpecification\",\"valueRequired\":true,\"valueName\":\"search_term_string\"}}],\"inLanguage\":\"en-US\"},{\"@type\":\"Organization\",\"@id\":\"https:\/\/www.forestwise.pt\/#organization\",\"name\":\"ForestWISE\",\"url\":\"https:\/\/www.forestwise.pt\/\",\"logo\":{\"@type\":\"ImageObject\",\"inLanguage\":\"en-US\",\"@id\":\"https:\/\/www.forestwise.pt\/#\/schema\/logo\/image\/\",\"url\":\"https:\/\/www.forestwise.pt\/wp-content\/uploads\/2021\/10\/FW_H_Cores.png\",\"contentUrl\":\"https:\/\/www.forestwise.pt\/wp-content\/uploads\/2021\/10\/FW_H_Cores.png\",\"width\":7779,\"height\":1853,\"caption\":\"ForestWISE\"},\"image\":{\"@id\":\"https:\/\/www.forestwise.pt\/#\/schema\/logo\/image\/\"}}]}<\/script>\n<!-- \/ Yoast SEO plugin. -->","yoast_head_json":{"title":"Brigite Botequim - ForestWISE","description":"Brigite Botequim -","robots":{"index":"index","follow":"follow","max-snippet":"max-snippet:-1","max-image-preview":"max-image-preview:large","max-video-preview":"max-video-preview:-1"},"canonical":"https:\/\/www.forestwise.pt\/en\/the-team\/brigite-botequim\/","og_locale":"en_US","og_type":"article","og_title":"Brigite Botequim - ForestWISE","og_description":"Brigite Botequim -","og_url":"https:\/\/www.forestwise.pt\/en\/the-team\/brigite-botequim\/","og_site_name":"ForestWISE","article_modified_time":"2022-10-01T14:13:22+00:00","og_image":[{"url":"https:\/\/www.forestwise.pt\/wp-content\/uploads\/2022\/02\/Brigite-Botequim-min-300x300.png","type":"","width":"","height":""}],"twitter_card":"summary_large_image","twitter_misc":{"Est. reading time":"2 minutes"},"schema":{"@context":"https:\/\/schema.org","@graph":[{"@type":"WebPage","@id":"https:\/\/www.forestwise.pt\/en\/the-team\/brigite-botequim\/","url":"https:\/\/www.forestwise.pt\/en\/the-team\/brigite-botequim\/","name":"Brigite Botequim - ForestWISE","isPartOf":{"@id":"https:\/\/www.forestwise.pt\/#website"},"primaryImageOfPage":{"@id":"https:\/\/www.forestwise.pt\/en\/the-team\/brigite-botequim\/#primaryimage"},"image":{"@id":"https:\/\/www.forestwise.pt\/en\/the-team\/brigite-botequim\/#primaryimage"},"thumbnailUrl":"https:\/\/www.forestwise.pt\/wp-content\/uploads\/2022\/02\/Brigite-Botequim-min-300x300.png","datePublished":"2022-02-02T13:23:29+00:00","dateModified":"2022-10-01T14:13:22+00:00","description":"Brigite Botequim -","breadcrumb":{"@id":"https:\/\/www.forestwise.pt\/en\/the-team\/brigite-botequim\/#breadcrumb"},"inLanguage":"en-US","potentialAction":[{"@type":"ReadAction","target":["https:\/\/www.forestwise.pt\/en\/the-team\/brigite-botequim\/"]}]},{"@type":"ImageObject","inLanguage":"en-US","@id":"https:\/\/www.forestwise.pt\/en\/the-team\/brigite-botequim\/#primaryimage","url":"https:\/\/www.forestwise.pt\/wp-content\/uploads\/2022\/02\/Brigite-Botequim-min-300x300.png","contentUrl":"https:\/\/www.forestwise.pt\/wp-content\/uploads\/2022\/02\/Brigite-Botequim-min-300x300.png"},{"@type":"BreadcrumbList","@id":"https:\/\/www.forestwise.pt\/en\/the-team\/brigite-botequim\/#breadcrumb","itemListElement":[{"@type":"ListItem","position":1,"name":"Home","item":"https:\/\/www.forestwise.pt\/en\/"},{"@type":"ListItem","position":2,"name":"The Team","item":"https:\/\/www.forestwise.pt\/en\/the-team\/"},{"@type":"ListItem","position":3,"name":"Brigite Botequim"}]},{"@type":"WebSite","@id":"https:\/\/www.forestwise.pt\/#website","url":"https:\/\/www.forestwise.pt\/","name":"ForestWISE","description":"Laborat\u00f3rio Colaborativo para Gesta\u0303o Integrada da Floresta e do Fogo","publisher":{"@id":"https:\/\/www.forestwise.pt\/#organization"},"potentialAction":[{"@type":"SearchAction","target":{"@type":"EntryPoint","urlTemplate":"https:\/\/www.forestwise.pt\/?s={search_term_string}"},"query-input":{"@type":"PropertyValueSpecification","valueRequired":true,"valueName":"search_term_string"}}],"inLanguage":"en-US"},{"@type":"Organization","@id":"https:\/\/www.forestwise.pt\/#organization","name":"ForestWISE","url":"https:\/\/www.forestwise.pt\/","logo":{"@type":"ImageObject","inLanguage":"en-US","@id":"https:\/\/www.forestwise.pt\/#\/schema\/logo\/image\/","url":"https:\/\/www.forestwise.pt\/wp-content\/uploads\/2021\/10\/FW_H_Cores.png","contentUrl":"https:\/\/www.forestwise.pt\/wp-content\/uploads\/2021\/10\/FW_H_Cores.png","width":7779,"height":1853,"caption":"ForestWISE"},"image":{"@id":"https:\/\/www.forestwise.pt\/#\/schema\/logo\/image\/"}}]}},"_links":{"self":[{"href":"https:\/\/www.forestwise.pt\/en\/wp-json\/wp\/v2\/pages\/6166","targetHints":{"allow":["GET"]}}],"collection":[{"href":"https:\/\/www.forestwise.pt\/en\/wp-json\/wp\/v2\/pages"}],"about":[{"href":"https:\/\/www.forestwise.pt\/en\/wp-json\/wp\/v2\/types\/page"}],"author":[{"embeddable":true,"href":"https:\/\/www.forestwise.pt\/en\/wp-json\/wp\/v2\/users\/5"}],"replies":[{"embeddable":true,"href":"https:\/\/www.forestwise.pt\/en\/wp-json\/wp\/v2\/comments?post=6166"}],"version-history":[{"count":0,"href":"https:\/\/www.forestwise.pt\/en\/wp-json\/wp\/v2\/pages\/6166\/revisions"}],"up":[{"embeddable":true,"href":"https:\/\/www.forestwise.pt\/en\/wp-json\/wp\/v2\/pages\/6029"}],"wp:attachment":[{"href":"https:\/\/www.forestwise.pt\/en\/wp-json\/wp\/v2\/media?parent=6166"}],"curies":[{"name":"wp","href":"https:\/\/api.w.org\/{rel}","templated":true}]}}