{"id":6436,"date":"2022-03-18T15:10:45","date_gmt":"2022-03-18T15:10:45","guid":{"rendered":"https:\/\/www.forestwise.pt\/?page_id=6436"},"modified":"2022-07-07T08:35:50","modified_gmt":"2022-07-07T08:35:50","slug":"privacy-notice-contact-request","status":"publish","type":"page","link":"https:\/\/www.forestwise.pt\/en\/privacy-notice-contact-request\/","title":{"rendered":"Privacy Notice &#8211; Contact Request"},"content":{"rendered":"\t\t<div data-elementor-type=\"wp-page\" data-elementor-id=\"6436\" class=\"elementor elementor-6436\" data-elementor-post-type=\"page\">\n\t\t\t\t\t\t<section class=\"elementor-section elementor-top-section elementor-element elementor-element-94389f7 elementor-section-boxed elementor-section-height-default elementor-section-height-default\" data-id=\"94389f7\" data-element_type=\"section\">\n\t\t\t\t\t\t<div class=\"elementor-container elementor-column-gap-default\">\n\t\t\t\t\t<div class=\"elementor-column elementor-col-100 elementor-top-column elementor-element elementor-element-248137e\" data-id=\"248137e\" data-element_type=\"column\">\n\t\t\t<div class=\"elementor-widget-wrap elementor-element-populated\">\n\t\t\t\t\t\t<div class=\"elementor-element elementor-element-8fe4409 elementor-widget elementor-widget-spacer\" data-id=\"8fe4409\" data-element_type=\"widget\" data-widget_type=\"spacer.default\">\n\t\t\t\t<div class=\"elementor-widget-container\">\n\t\t\t\t\t\t\t<div class=\"elementor-spacer\">\n\t\t\t<div class=\"elementor-spacer-inner\"><\/div>\n\t\t<\/div>\n\t\t\t\t\t\t<\/div>\n\t\t\t\t<\/div>\n\t\t\t\t<div class=\"elementor-element elementor-element-a882663 elementor-widget elementor-widget-heading\" data-id=\"a882663\" data-element_type=\"widget\" data-widget_type=\"heading.default\">\n\t\t\t\t<div class=\"elementor-widget-container\">\n\t\t\t\t\t<h2 class=\"elementor-heading-title elementor-size-default\">AVISO DE PRIVACIDADE - PEDIDO DE CONTACTO<\/h2>\t\t\t\t<\/div>\n\t\t\t\t<\/div>\n\t\t\t\t\t<\/div>\n\t\t<\/div>\n\t\t\t\t\t<\/div>\n\t\t<\/section>\n\t\t\t\t<section class=\"elementor-section elementor-top-section elementor-element elementor-element-8761941 elementor-section-boxed elementor-section-height-default elementor-section-height-default\" data-id=\"8761941\" data-element_type=\"section\">\n\t\t\t\t\t\t<div class=\"elementor-container elementor-column-gap-default\">\n\t\t\t\t\t<div class=\"elementor-column elementor-col-100 elementor-top-column elementor-element elementor-element-c8307fc\" data-id=\"c8307fc\" data-element_type=\"column\">\n\t\t\t<div class=\"elementor-widget-wrap elementor-element-populated\">\n\t\t\t\t\t\t<div class=\"elementor-element elementor-element-0ef60a8 elementor-widget elementor-widget-text-editor\" data-id=\"0ef60a8\" data-element_type=\"widget\" data-widget_type=\"text-editor.default\">\n\t\t\t\t<div class=\"elementor-widget-container\">\n\t\t\t\t\t\t\t\t\t<ol><li style=\"list-style-type: none;\"><ol><li>FORESTWISE &#8211; ASSOCIA\u00c7\u00c3O PARA O LABORAT\u00d3RIO COLABORATIVO PARA A GEST\u00c3O INTEGRADA DA FLORESTA E DO FOGO (hereinafter FORESTWISE), with headquarters at Quinta de Prados, Campus da UTAD, 5001-801, Vila Real, Portugal and NIPC 515095664 is the controller.<\/li><\/ol><\/li><\/ol><p>\u00a0<\/p><ol><li style=\"list-style-type: none;\"><ol><li>The personal data collected will be used solely to respond to your contact request and to keep track of your contact details, after we have obtained your prior consent.<\/li><\/ol><\/li><\/ol><p>\u00a0<\/p><ol><li style=\"list-style-type: none;\"><ol><li>The personal data collected are mandatory for us to be able to respond to your contact request, so without these data we will not be able to carry out your request or answer your question.<\/li><\/ol><\/li><\/ol><p>\u00a0<\/p><ol><li style=\"list-style-type: none;\"><ol><li>The data in question will not be used for any other purpose without your prior consent and will be kept by ForestWISE for 1 year.<\/li><\/ol><\/li><\/ol><p>\u00a0<\/p><ol><li style=\"list-style-type: none;\"><ol><li>We remind you that you may withdraw this consent at any time.<\/li><\/ol><\/li><\/ol><p>\u00a0<\/p><ol><li style=\"list-style-type: none;\"><ol><li>ForestWISE may communicate personal data to its service provider(s) to fulfil the described purpose.<\/li><\/ol><\/li><\/ol><p>\u00a0<\/p><ol><li style=\"list-style-type: none;\"><ol><li>When you send us your personal data, it will be protected by security protocols appropriate for internet communications and will be stored on a secure server with restricted access.<\/li><\/ol><\/li><\/ol><p>\u00a0<\/p><ol><li style=\"list-style-type: none;\"><ol><li>You may exercise your rights under the law (access, rectification, erasure, limitation, opposition, portability) by writing to the following email address: contact.fw@forestwise.pt, without prejudice to the right to lodge a complaint with the competent control authority (<a href=\"http:\/\/www.cnpd.pt\" target=\"_blank\" rel=\"noopener\">www.cnpd.pt<\/a>).<\/li><\/ol><\/li><\/ol><p>\u00a0<\/p><ol><li style=\"list-style-type: none;\"><ol><li>Find out more about how your data will be handled forestwise.co.uk\/privacy-policy or by emailing contact.fw@forestwise.pt.<\/li><\/ol><\/li><\/ol><p>\u00a0<\/p>\t\t\t\t\t\t\t\t<\/div>\n\t\t\t\t<\/div>\n\t\t\t\t<div class=\"elementor-element elementor-element-7c3b5cc elementor-widget elementor-widget-spacer\" data-id=\"7c3b5cc\" data-element_type=\"widget\" data-widget_type=\"spacer.default\">\n\t\t\t\t<div class=\"elementor-widget-container\">\n\t\t\t\t\t\t\t<div class=\"elementor-spacer\">\n\t\t\t<div class=\"elementor-spacer-inner\"><\/div>\n\t\t<\/div>\n\t\t\t\t\t\t<\/div>\n\t\t\t\t<\/div>\n\t\t\t\t\t<\/div>\n\t\t<\/div>\n\t\t\t\t\t<\/div>\n\t\t<\/section>\n\t\t\t\t<\/div>\n\t\t","protected":false},"excerpt":{"rendered":"<p>AVISO DE PRIVACIDADE &#8211; PEDIDO DE CONTACTO FORESTWISE &#8211; ASSOCIA\u00c7\u00c3O PARA O LABORAT\u00d3RIO COLABORATIVO PARA A GEST\u00c3O INTEGRADA DA FLORESTA E DO FOGO (hereinafter FORESTWISE), with headquarters at Quinta de Prados, Campus da UTAD, 5001-801, Vila Real, Portugal and NIPC 515095664 is the controller. \u00a0 The personal data collected will be used solely to respond [&hellip;]<\/p>\n","protected":false},"author":5,"featured_media":0,"parent":0,"menu_order":0,"comment_status":"closed","ping_status":"closed","template":"","meta":{"footnotes":""},"class_list":["post-6436","page","type-page","status-publish","hentry"],"yoast_head":"<!-- This site is optimized with the Yoast SEO plugin v26.7 - https:\/\/yoast.com\/wordpress\/plugins\/seo\/ -->\n<title>Privacy Notice - Contact Request - ForestWISE<\/title>\n<meta name=\"description\" content=\"Privacy Notice - Contact Request -\" \/>\n<meta name=\"robots\" content=\"index, follow, max-snippet:-1, max-image-preview:large, max-video-preview:-1\" \/>\n<link rel=\"canonical\" href=\"https:\/\/www.forestwise.pt\/en\/privacy-notice-contact-request\/\" \/>\n<meta property=\"og:locale\" content=\"en_US\" \/>\n<meta property=\"og:type\" content=\"article\" \/>\n<meta property=\"og:title\" content=\"Privacy Notice - Contact Request - ForestWISE\" \/>\n<meta property=\"og:description\" content=\"Privacy Notice - Contact Request -\" \/>\n<meta property=\"og:url\" content=\"https:\/\/www.forestwise.pt\/en\/privacy-notice-contact-request\/\" \/>\n<meta property=\"og:site_name\" content=\"ForestWISE\" \/>\n<meta property=\"article:modified_time\" content=\"2022-07-07T08:35:50+00:00\" \/>\n<meta name=\"twitter:card\" content=\"summary_large_image\" \/>\n<meta name=\"twitter:label1\" content=\"Est. reading time\" \/>\n\t<meta name=\"twitter:data1\" content=\"1 minute\" \/>\n<script type=\"application\/ld+json\" class=\"yoast-schema-graph\">{\"@context\":\"https:\/\/schema.org\",\"@graph\":[{\"@type\":\"WebPage\",\"@id\":\"https:\/\/www.forestwise.pt\/en\/privacy-notice-contact-request\/\",\"url\":\"https:\/\/www.forestwise.pt\/en\/privacy-notice-contact-request\/\",\"name\":\"Privacy Notice - Contact Request - ForestWISE\",\"isPartOf\":{\"@id\":\"https:\/\/www.forestwise.pt\/#website\"},\"datePublished\":\"2022-03-18T15:10:45+00:00\",\"dateModified\":\"2022-07-07T08:35:50+00:00\",\"description\":\"Privacy Notice - Contact Request -\",\"breadcrumb\":{\"@id\":\"https:\/\/www.forestwise.pt\/en\/privacy-notice-contact-request\/#breadcrumb\"},\"inLanguage\":\"en-US\",\"potentialAction\":[{\"@type\":\"ReadAction\",\"target\":[\"https:\/\/www.forestwise.pt\/en\/privacy-notice-contact-request\/\"]}]},{\"@type\":\"BreadcrumbList\",\"@id\":\"https:\/\/www.forestwise.pt\/en\/privacy-notice-contact-request\/#breadcrumb\",\"itemListElement\":[{\"@type\":\"ListItem\",\"position\":1,\"name\":\"Home\",\"item\":\"https:\/\/www.forestwise.pt\/en\/\"},{\"@type\":\"ListItem\",\"position\":2,\"name\":\"Privacy Notice &#8211; Contact Request\"}]},{\"@type\":\"WebSite\",\"@id\":\"https:\/\/www.forestwise.pt\/#website\",\"url\":\"https:\/\/www.forestwise.pt\/\",\"name\":\"ForestWISE\",\"description\":\"Laborat\u00f3rio Colaborativo para Gesta\u0303o Integrada da Floresta e do Fogo\",\"publisher\":{\"@id\":\"https:\/\/www.forestwise.pt\/#organization\"},\"potentialAction\":[{\"@type\":\"SearchAction\",\"target\":{\"@type\":\"EntryPoint\",\"urlTemplate\":\"https:\/\/www.forestwise.pt\/?s={search_term_string}\"},\"query-input\":{\"@type\":\"PropertyValueSpecification\",\"valueRequired\":true,\"valueName\":\"search_term_string\"}}],\"inLanguage\":\"en-US\"},{\"@type\":\"Organization\",\"@id\":\"https:\/\/www.forestwise.pt\/#organization\",\"name\":\"ForestWISE\",\"url\":\"https:\/\/www.forestwise.pt\/\",\"logo\":{\"@type\":\"ImageObject\",\"inLanguage\":\"en-US\",\"@id\":\"https:\/\/www.forestwise.pt\/#\/schema\/logo\/image\/\",\"url\":\"https:\/\/www.forestwise.pt\/wp-content\/uploads\/2021\/10\/FW_H_Cores.png\",\"contentUrl\":\"https:\/\/www.forestwise.pt\/wp-content\/uploads\/2021\/10\/FW_H_Cores.png\",\"width\":7779,\"height\":1853,\"caption\":\"ForestWISE\"},\"image\":{\"@id\":\"https:\/\/www.forestwise.pt\/#\/schema\/logo\/image\/\"}}]}<\/script>\n<!-- \/ Yoast SEO plugin. -->","yoast_head_json":{"title":"Privacy Notice - Contact Request - ForestWISE","description":"Privacy Notice - Contact Request -","robots":{"index":"index","follow":"follow","max-snippet":"max-snippet:-1","max-image-preview":"max-image-preview:large","max-video-preview":"max-video-preview:-1"},"canonical":"https:\/\/www.forestwise.pt\/en\/privacy-notice-contact-request\/","og_locale":"en_US","og_type":"article","og_title":"Privacy Notice - Contact Request - ForestWISE","og_description":"Privacy Notice - Contact Request -","og_url":"https:\/\/www.forestwise.pt\/en\/privacy-notice-contact-request\/","og_site_name":"ForestWISE","article_modified_time":"2022-07-07T08:35:50+00:00","twitter_card":"summary_large_image","twitter_misc":{"Est. reading time":"1 minute"},"schema":{"@context":"https:\/\/schema.org","@graph":[{"@type":"WebPage","@id":"https:\/\/www.forestwise.pt\/en\/privacy-notice-contact-request\/","url":"https:\/\/www.forestwise.pt\/en\/privacy-notice-contact-request\/","name":"Privacy Notice - Contact Request - ForestWISE","isPartOf":{"@id":"https:\/\/www.forestwise.pt\/#website"},"datePublished":"2022-03-18T15:10:45+00:00","dateModified":"2022-07-07T08:35:50+00:00","description":"Privacy Notice - Contact Request -","breadcrumb":{"@id":"https:\/\/www.forestwise.pt\/en\/privacy-notice-contact-request\/#breadcrumb"},"inLanguage":"en-US","potentialAction":[{"@type":"ReadAction","target":["https:\/\/www.forestwise.pt\/en\/privacy-notice-contact-request\/"]}]},{"@type":"BreadcrumbList","@id":"https:\/\/www.forestwise.pt\/en\/privacy-notice-contact-request\/#breadcrumb","itemListElement":[{"@type":"ListItem","position":1,"name":"Home","item":"https:\/\/www.forestwise.pt\/en\/"},{"@type":"ListItem","position":2,"name":"Privacy Notice &#8211; Contact Request"}]},{"@type":"WebSite","@id":"https:\/\/www.forestwise.pt\/#website","url":"https:\/\/www.forestwise.pt\/","name":"ForestWISE","description":"Laborat\u00f3rio Colaborativo para Gesta\u0303o Integrada da Floresta e do Fogo","publisher":{"@id":"https:\/\/www.forestwise.pt\/#organization"},"potentialAction":[{"@type":"SearchAction","target":{"@type":"EntryPoint","urlTemplate":"https:\/\/www.forestwise.pt\/?s={search_term_string}"},"query-input":{"@type":"PropertyValueSpecification","valueRequired":true,"valueName":"search_term_string"}}],"inLanguage":"en-US"},{"@type":"Organization","@id":"https:\/\/www.forestwise.pt\/#organization","name":"ForestWISE","url":"https:\/\/www.forestwise.pt\/","logo":{"@type":"ImageObject","inLanguage":"en-US","@id":"https:\/\/www.forestwise.pt\/#\/schema\/logo\/image\/","url":"https:\/\/www.forestwise.pt\/wp-content\/uploads\/2021\/10\/FW_H_Cores.png","contentUrl":"https:\/\/www.forestwise.pt\/wp-content\/uploads\/2021\/10\/FW_H_Cores.png","width":7779,"height":1853,"caption":"ForestWISE"},"image":{"@id":"https:\/\/www.forestwise.pt\/#\/schema\/logo\/image\/"}}]}},"_links":{"self":[{"href":"https:\/\/www.forestwise.pt\/en\/wp-json\/wp\/v2\/pages\/6436","targetHints":{"allow":["GET"]}}],"collection":[{"href":"https:\/\/www.forestwise.pt\/en\/wp-json\/wp\/v2\/pages"}],"about":[{"href":"https:\/\/www.forestwise.pt\/en\/wp-json\/wp\/v2\/types\/page"}],"author":[{"embeddable":true,"href":"https:\/\/www.forestwise.pt\/en\/wp-json\/wp\/v2\/users\/5"}],"replies":[{"embeddable":true,"href":"https:\/\/www.forestwise.pt\/en\/wp-json\/wp\/v2\/comments?post=6436"}],"version-history":[{"count":0,"href":"https:\/\/www.forestwise.pt\/en\/wp-json\/wp\/v2\/pages\/6436\/revisions"}],"wp:attachment":[{"href":"https:\/\/www.forestwise.pt\/en\/wp-json\/wp\/v2\/media?parent=6436"}],"curies":[{"name":"wp","href":"https:\/\/api.w.org\/{rel}","templated":true}]}}